{"id":19742,"date":"2022-12-07T09:38:39","date_gmt":"2022-12-07T09:38:39","guid":{"rendered":"https:\/\/angelsvillas.com\/paros\/"},"modified":"2023-05-13T10:17:14","modified_gmt":"2023-05-13T10:17:14","slug":"paros","status":"publish","type":"page","link":"https:\/\/angelsvillas.com\/es\/paros\/","title":{"rendered":"Isla de Paros"},"content":{"rendered":"\t\t<div data-elementor-type=\"wp-page\" data-elementor-id=\"19742\" class=\"elementor elementor-19742 elementor-13563\">\n\t\t\t\t\t\t\t\t\t<section class=\"elementor-section elementor-top-section elementor-element elementor-element-269c446 elementor-section-boxed elementor-section-height-default elementor-section-height-default qodef-elementor-content-no\" data-id=\"269c446\" data-element_type=\"section\">\n\t\t\t\t\t\t<div class=\"elementor-container elementor-column-gap-default\">\n\t\t\t\t\t<div class=\"elementor-column elementor-col-100 elementor-top-column elementor-element elementor-element-429e7668\" data-id=\"429e7668\" data-element_type=\"column\">\n\t\t\t<div class=\"elementor-widget-wrap elementor-element-populated\">\n\t\t\t\t\t\t\t\t<div class=\"elementor-element elementor-element-2134725d elementor-widget elementor-widget-augustine_core_section_title\" data-id=\"2134725d\" data-element_type=\"widget\" data-widget_type=\"augustine_core_section_title.default\">\n\t\t\t\t<div class=\"elementor-widget-container\">\n\t\t\t<div class=\"qodef-shortcode qodef-m  qodef-section-title qodef-alignment--left  qodef-title-appear qodef-title-alt-appear  \">\n\t\t\t\t<h1 class=\"qodef-m-title\" >\n\t\t\t\t\tNuestra Isla\t\t\t<\/h1>\n\t\t<\/div>\t\t<\/div>\n\t\t\t\t<\/div>\n\t\t\t\t\t<\/div>\n\t\t<\/div>\n\t\t\t\t\t\t\t<\/div>\n\t\t<\/section>\n\t\t\t\t<section class=\"elementor-section elementor-top-section elementor-element elementor-element-9b2923c qodef-elementor-content-grid elementor-section-full_width elementor-section-height-default elementor-section-height-default\" data-id=\"9b2923c\" data-element_type=\"section\">\n\t\t\t\t\t\t<div class=\"elementor-container elementor-column-gap-default\">\n\t\t\t\t\t<div class=\"elementor-column elementor-col-50 elementor-top-column elementor-element elementor-element-d0abee9\" data-id=\"d0abee9\" data-element_type=\"column\">\n\t\t\t<div class=\"elementor-widget-wrap elementor-element-populated\">\n\t\t\t\t\t\t\t\t<div class=\"elementor-element elementor-element-1db6ffe elementor-widget__width-initial elementor-widget elementor-widget-text-editor\" data-id=\"1db6ffe\" data-element_type=\"widget\" data-widget_type=\"text-editor.default\">\n\t\t\t\t<div class=\"elementor-widget-container\">\n\t\t\t<style>\/*! elementor - v3.8.1 - 13-11-2022 *\/\n.elementor-widget-text-editor.elementor-drop-cap-view-stacked .elementor-drop-cap{background-color:#818a91;color:#fff}.elementor-widget-text-editor.elementor-drop-cap-view-framed .elementor-drop-cap{color:#818a91;border:3px solid;background-color:transparent}.elementor-widget-text-editor:not(.elementor-drop-cap-view-default) .elementor-drop-cap{margin-top:8px}.elementor-widget-text-editor:not(.elementor-drop-cap-view-default) .elementor-drop-cap-letter{width:1em;height:1em}.elementor-widget-text-editor .elementor-drop-cap{float:left;text-align:center;line-height:1;font-size:50px}.elementor-widget-text-editor .elementor-drop-cap-letter{display:inline-block}<\/style>\t\t\t\t<p>En el mar Egeo, en el coraz\u00f3n de las C\u00edcladas, se halla la pintoresca isla de Paros. Se trata de un destino de vacaciones favorito, con pueblos tradicionales y playas de arena con aguas cristalinas de color azul turquesa, que atrae a miles de visitantes cada a\u00f1o.<\/p><p>Adem\u00e1s de las decenas de playas maravillosas, puede visitar importantes sitios hist\u00f3ricos y monumentos, la acr\u00f3polis mic\u00e9nica en Kolympithres, el museo arqueol\u00f3gico y la iglesia de la Panagia Ekatondapyliani en Parikia, el castillo veneciano y el museo folcl\u00f3rico en Naoussa, pueblo conocido por su m\u00e1rmol de excelente calidad.<\/p><p>Paros es un importante destino enotur\u00edstico en las C\u00edcladas y el viaje a esta isla es una oportunidad para que los amantes del vino conozcan los excepcionales vinos que producen las vi\u00f1as de Paros. La ruta Parikia-Naoussa es la ruta del vino de Paros. Parikia es la capital de la isla y su puerto principal. Las calles empedradas y las casas blancas a\u00f1aden a este pueblo su color \u00fanico.<\/p>\t\t\t\t\t\t<\/div>\n\t\t\t\t<\/div>\n\t\t\t\t\t<\/div>\n\t\t<\/div>\n\t\t\t\t<div class=\"elementor-column elementor-col-50 elementor-top-column elementor-element elementor-element-a05f9e8\" data-id=\"a05f9e8\" data-element_type=\"column\">\n\t\t\t<div class=\"elementor-widget-wrap elementor-element-populated\">\n\t\t\t\t\t\t\t\t<div class=\"elementor-element elementor-element-e61b3c8 elementor-widget elementor-widget-image\" data-id=\"e61b3c8\" data-element_type=\"widget\" data-widget_type=\"image.default\">\n\t\t\t\t<div class=\"elementor-widget-container\">\n\t\t\t<style>\/*! elementor - v3.8.1 - 13-11-2022 *\/\n.elementor-widget-image{text-align:center}.elementor-widget-image a{display:inline-block}.elementor-widget-image a img[src$=\".svg\"]{width:48px}.elementor-widget-image img{vertical-align:middle;display:inline-block}<\/style>\t\t\t\t\t\t\t\t\t\t\t\t<img decoding=\"async\" width=\"480\" height=\"480\" src=\"https:\/\/angelsvillas.com\/wp-content\/uploads\/2022\/12\/paros1.jpg\" class=\"attachment-large size-large\" alt=\"\" srcset=\"https:\/\/angelsvillas.com\/wp-content\/uploads\/2022\/12\/paros1.jpg 480w, https:\/\/angelsvillas.com\/wp-content\/uploads\/2022\/12\/paros1-300x300.jpg 300w, https:\/\/angelsvillas.com\/wp-content\/uploads\/2022\/12\/paros1-150x150.jpg 150w, https:\/\/angelsvillas.com\/wp-content\/uploads\/2022\/12\/paros1-100x100.jpg 100w\" sizes=\"(max-width: 480px) 100vw, 480px\" \/>\t\t\t\t\t\t\t\t\t\t\t\t\t\t\t<\/div>\n\t\t\t\t<\/div>\n\t\t\t\t\t<\/div>\n\t\t<\/div>\n\t\t\t\t\t\t\t<\/div>\n\t\t<\/section>\n\t\t\t\t<section class=\"elementor-section elementor-top-section elementor-element elementor-element-625a3c3c elementor-section-full_width qodef-elementor-content-grid elementor-section-height-default elementor-section-height-default\" data-id=\"625a3c3c\" data-element_type=\"section\">\n\t\t\t\t\t\t<div class=\"elementor-container elementor-column-gap-default\">\n\t\t\t\t\t<div class=\"elementor-column elementor-col-100 elementor-top-column elementor-element elementor-element-67df91d6 elementor-hidden-tablet elementor-hidden-phone\" data-id=\"67df91d6\" data-element_type=\"column\">\n\t\t\t<div class=\"elementor-widget-wrap elementor-element-populated\">\n\t\t\t\t\t\t\t\t<div class=\"elementor-element elementor-element-72779ccc elementor-widget elementor-widget-image\" data-id=\"72779ccc\" data-element_type=\"widget\" data-widget_type=\"image.default\">\n\t\t\t\t<div class=\"elementor-widget-container\">\n\t\t\t\t\t\t\t\t\t\t\t\t\t\t\t<img decoding=\"async\" width=\"1\" height=\"118\" src=\"https:\/\/angelsvillas.com\/wp-content\/uploads\/2020\/11\/Line-86.jpg\" class=\"attachment-large size-large\" alt=\"\" \/>\t\t\t\t\t\t\t\t\t\t\t\t\t\t\t<\/div>\n\t\t\t\t<\/div>\n\t\t\t\t\t<\/div>\n\t\t<\/div>\n\t\t\t\t\t\t\t<\/div>\n\t\t<\/section>\n\t\t\t\t<section class=\"elementor-section elementor-top-section elementor-element elementor-element-142f02c qodef-elementor-content-grid elementor-section-full_width elementor-section-height-default elementor-section-height-default\" data-id=\"142f02c\" data-element_type=\"section\">\n\t\t\t\t\t\t<div class=\"elementor-container elementor-column-gap-default\">\n\t\t\t\t\t<div class=\"elementor-column elementor-col-50 elementor-top-column elementor-element elementor-element-710d2e4\" data-id=\"710d2e4\" data-element_type=\"column\">\n\t\t\t<div class=\"elementor-widget-wrap elementor-element-populated\">\n\t\t\t\t\t\t\t\t<div class=\"elementor-element elementor-element-fdf34d0 elementor-widget__width-initial elementor-widget elementor-widget-text-editor\" data-id=\"fdf34d0\" data-element_type=\"widget\" data-widget_type=\"text-editor.default\">\n\t\t\t\t<div class=\"elementor-widget-container\">\n\t\t\t\t\t\t\t<p>Naoussa, en la parte norte de la isla, es sin duda uno de los puertos m\u00e1s pintorescos en todo el Mediterr\u00e1neo. Sigue siendo un pueblo tradicional y cosmopolita de pescadores con bonitos callejones empedrados y casas blancas de estilo cicl\u00e1dico.<br \/>Paros es conocida por su cocina excepcional y los exquisitos sabores de sus productos locales de los que puede disfrutar en las pintorescas tabernas que puede encontrar por todos los pueblos de la isla, en los callejones y cerca del mar.<br \/>Hay una intensa vida nocturna, con evocadoras cafeter\u00edas, bares de c\u00f3cteles y clubs.<\/p>\t\t\t\t\t\t<\/div>\n\t\t\t\t<\/div>\n\t\t\t\t\t<\/div>\n\t\t<\/div>\n\t\t\t\t<div class=\"elementor-column elementor-col-50 elementor-top-column elementor-element elementor-element-6a56e8d\" data-id=\"6a56e8d\" data-element_type=\"column\">\n\t\t\t<div class=\"elementor-widget-wrap elementor-element-populated\">\n\t\t\t\t\t\t\t\t<div class=\"elementor-element elementor-element-eab561e elementor-widget elementor-widget-image\" data-id=\"eab561e\" data-element_type=\"widget\" data-widget_type=\"image.default\">\n\t\t\t\t<div class=\"elementor-widget-container\">\n\t\t\t\t\t\t\t\t\t\t\t\t\t\t\t<img decoding=\"async\" src=\"https:\/\/angelsvillas.com\/wp-content\/uploads\/elementor\/thumbs\/paros2-pyt2ah5nkldrwt55wy3us42pp7csesbubp5usofn40.jpg\" title=\"paros2\" alt=\"paros2\" \/>\t\t\t\t\t\t\t\t\t\t\t\t\t\t\t<\/div>\n\t\t\t\t<\/div>\n\t\t\t\t\t<\/div>\n\t\t<\/div>\n\t\t\t\t\t\t\t<\/div>\n\t\t<\/section>\n\t\t\t\t<section class=\"elementor-section elementor-top-section elementor-element elementor-element-a7a43ff qodef-elementor-content-grid elementor-hidden-desktop elementor-hidden-tablet elementor-hidden-mobile elementor-section-boxed elementor-section-height-default elementor-section-height-default\" data-id=\"a7a43ff\" data-element_type=\"section\">\n\t\t\t\t\t\t<div class=\"elementor-container elementor-column-gap-default\">\n\t\t\t\t\t<div class=\"elementor-column elementor-col-50 elementor-top-column elementor-element elementor-element-e564ffb\" data-id=\"e564ffb\" data-element_type=\"column\">\n\t\t\t<div class=\"elementor-widget-wrap elementor-element-populated\">\n\t\t\t\t\t\t\t\t<div class=\"elementor-element elementor-element-b0e5457 elementor-widget elementor-widget-augustine_core_image_with_text\" data-id=\"b0e5457\" data-element_type=\"widget\" data-widget_type=\"augustine_core_image_with_text.default\">\n\t\t\t\t<div class=\"elementor-widget-container\">\n\t\t\t<div class=\"qodef-shortcode qodef-m  qodef-image-with-text qodef-layout--text-below   \">\n\t<div class=\"qodef-m-image\">\n                                            <img decoding=\"async\" width=\"800\" height=\"1114\" src=\"https:\/\/angelsvillas.com\/wp-content\/uploads\/2020\/12\/inner-img12.jpg\" class=\"attachment-full size-full\" alt=\"s\" srcset=\"https:\/\/angelsvillas.com\/wp-content\/uploads\/2020\/12\/inner-img12.jpg 800w, https:\/\/angelsvillas.com\/wp-content\/uploads\/2020\/12\/inner-img12-600x836.jpg 600w, https:\/\/angelsvillas.com\/wp-content\/uploads\/2020\/12\/inner-img12-215x300.jpg 215w, https:\/\/angelsvillas.com\/wp-content\/uploads\/2020\/12\/inner-img12-735x1024.jpg 735w, https:\/\/angelsvillas.com\/wp-content\/uploads\/2020\/12\/inner-img12-768x1069.jpg 768w\" sizes=\"(max-width: 800px) 100vw, 800px\" \/>\n                                            <\/div>\t<div class=\"qodef-m-content\">\n\t\t\t<div class=\"qodef-m-subtitle\" >\n        sightseeing\t<\/div>\n\t\t\t<h4 class=\"qodef-m-title\" style=\"margin-top: 5px\">\n\t\t\t\t\tEnjoy the tradition\t\t\t<\/h4>\n\t\t\t<p class=\"qodef-m-text\" >Dictum varius duis at consectetur lorem donec massa sapien faucibus. Tincidunt arcu non sodales neque sodales ut etiam sit amet. Enim nulla aliquet porttitor lacus luctus accumsan. Eget magna fermentum iaculis eu non diam phasellus vestibulum. Dui faucibus in ornare quam viverra. Pretium quam vulputate dignissim suspendisse in est. \n<\/p>\n\t<\/div>\n<\/div>\t\t<\/div>\n\t\t\t\t<\/div>\n\t\t\t\t\t<\/div>\n\t\t<\/div>\n\t\t\t\t<div class=\"elementor-column elementor-col-50 elementor-top-column elementor-element elementor-element-df2acdd\" data-id=\"df2acdd\" data-element_type=\"column\">\n\t\t\t<div class=\"elementor-widget-wrap elementor-element-populated\">\n\t\t\t\t\t\t\t\t<div class=\"elementor-element elementor-element-a9f0e4c elementor-widget elementor-widget-augustine_core_image_with_text\" data-id=\"a9f0e4c\" data-element_type=\"widget\" data-widget_type=\"augustine_core_image_with_text.default\">\n\t\t\t\t<div class=\"elementor-widget-container\">\n\t\t\t<div class=\"qodef-shortcode qodef-m  qodef-image-with-text qodef-layout--text-below   \">\n\t<div class=\"qodef-m-image\">\n                                            <img decoding=\"async\" width=\"800\" height=\"1114\" src=\"https:\/\/angelsvillas.com\/wp-content\/uploads\/2020\/12\/inner-img23.jpg\" class=\"attachment-full size-full\" alt=\"s\" srcset=\"https:\/\/angelsvillas.com\/wp-content\/uploads\/2020\/12\/inner-img23.jpg 800w, https:\/\/angelsvillas.com\/wp-content\/uploads\/2020\/12\/inner-img23-600x836.jpg 600w, https:\/\/angelsvillas.com\/wp-content\/uploads\/2020\/12\/inner-img23-215x300.jpg 215w, https:\/\/angelsvillas.com\/wp-content\/uploads\/2020\/12\/inner-img23-735x1024.jpg 735w, https:\/\/angelsvillas.com\/wp-content\/uploads\/2020\/12\/inner-img23-768x1069.jpg 768w\" sizes=\"(max-width: 800px) 100vw, 800px\" \/>\n                                            <\/div>\t<div class=\"qodef-m-content\">\n\t\t\t<div class=\"qodef-m-subtitle\" >\n        sightseeing\t<\/div>\n\t\t\t<h4 class=\"qodef-m-title\" style=\"margin-top: 5px\">\n\t\t\t\t\tExplore the city\t\t\t<\/h4>\n\t\t\t<p class=\"qodef-m-text\" >Dictum varius duis at consectetur lorem donec massa sapien faucibus. Tincidunt arcu non sodales neque sodales ut etiam sit amet. Enim nulla aliquet porttitor lacus luctus accumsan. Eget magna fermentum iaculis eu non diam phasellus vestibulum. Dui faucibus in ornare quam viverra. Pretium quam vulputate dignissim suspendisse in est. \n<\/p>\n\t<\/div>\n<\/div>\t\t<\/div>\n\t\t\t\t<\/div>\n\t\t\t\t\t<\/div>\n\t\t<\/div>\n\t\t\t\t\t\t\t<\/div>\n\t\t<\/section>\n\t\t\t\t<section class=\"elementor-section elementor-top-section elementor-element elementor-element-04ec5dc qodef-elementor-content-grid elementor-hidden-desktop elementor-hidden-tablet elementor-hidden-mobile elementor-section-boxed elementor-section-height-default elementor-section-height-default\" data-id=\"04ec5dc\" data-element_type=\"section\">\n\t\t\t\t\t\t<div class=\"elementor-container elementor-column-gap-default\">\n\t\t\t\t\t<div class=\"elementor-column elementor-col-50 elementor-top-column elementor-element elementor-element-d05c514\" data-id=\"d05c514\" data-element_type=\"column\">\n\t\t\t<div class=\"elementor-widget-wrap elementor-element-populated\">\n\t\t\t\t\t\t\t\t<div class=\"elementor-element elementor-element-7d45995 elementor-widget elementor-widget-augustine_core_image_with_text\" data-id=\"7d45995\" data-element_type=\"widget\" data-widget_type=\"augustine_core_image_with_text.default\">\n\t\t\t\t<div class=\"elementor-widget-container\">\n\t\t\t<div class=\"qodef-shortcode qodef-m  qodef-image-with-text qodef-layout--text-below   \">\n\t<div class=\"qodef-m-image\">\n                                            <img decoding=\"async\" width=\"800\" height=\"1114\" src=\"https:\/\/angelsvillas.com\/wp-content\/uploads\/2020\/12\/inner-img09.jpg\" class=\"attachment-full size-full\" alt=\"s\" srcset=\"https:\/\/angelsvillas.com\/wp-content\/uploads\/2020\/12\/inner-img09.jpg 800w, https:\/\/angelsvillas.com\/wp-content\/uploads\/2020\/12\/inner-img09-600x836.jpg 600w, https:\/\/angelsvillas.com\/wp-content\/uploads\/2020\/12\/inner-img09-215x300.jpg 215w, https:\/\/angelsvillas.com\/wp-content\/uploads\/2020\/12\/inner-img09-735x1024.jpg 735w, https:\/\/angelsvillas.com\/wp-content\/uploads\/2020\/12\/inner-img09-768x1069.jpg 768w\" sizes=\"(max-width: 800px) 100vw, 800px\" \/>\n                                            <\/div>\t<div class=\"qodef-m-content\">\n\t\t\t<div class=\"qodef-m-subtitle\" >\n        sightseeing\t<\/div>\n\t\t\t<h4 class=\"qodef-m-title\" style=\"margin-top: 5px\">\n\t\t\t\t\tRelax moments\t\t\t<\/h4>\n\t\t\t<p class=\"qodef-m-text\" >Dictum varius duis at consectetur lorem donec massa sapien faucibus. Tincidunt arcu non sodales neque sodales ut etiam sit amet. Enim nulla aliquet porttitor lacus luctus accumsan. Eget magna fermentum iaculis eu non diam phasellus vestibulum. Dui faucibus in ornare quam viverra. Pretium quam vulputate dignissim suspendisse in est. \n<\/p>\n\t<\/div>\n<\/div>\t\t<\/div>\n\t\t\t\t<\/div>\n\t\t\t\t\t<\/div>\n\t\t<\/div>\n\t\t\t\t<div class=\"elementor-column elementor-col-50 elementor-top-column elementor-element elementor-element-458321d\" data-id=\"458321d\" data-element_type=\"column\">\n\t\t\t<div class=\"elementor-widget-wrap elementor-element-populated\">\n\t\t\t\t\t\t\t\t<div class=\"elementor-element elementor-element-37a33c1 elementor-widget elementor-widget-augustine_core_image_with_text\" data-id=\"37a33c1\" data-element_type=\"widget\" data-widget_type=\"augustine_core_image_with_text.default\">\n\t\t\t\t<div class=\"elementor-widget-container\">\n\t\t\t<div class=\"qodef-shortcode qodef-m  qodef-image-with-text qodef-layout--text-below   \">\n\t<div class=\"qodef-m-image\">\n                                            <img decoding=\"async\" width=\"800\" height=\"1114\" src=\"https:\/\/angelsvillas.com\/wp-content\/uploads\/2020\/12\/inner-img15.jpg\" class=\"attachment-full size-full\" alt=\"s\" srcset=\"https:\/\/angelsvillas.com\/wp-content\/uploads\/2020\/12\/inner-img15.jpg 800w, https:\/\/angelsvillas.com\/wp-content\/uploads\/2020\/12\/inner-img15-600x836.jpg 600w, https:\/\/angelsvillas.com\/wp-content\/uploads\/2020\/12\/inner-img15-215x300.jpg 215w, https:\/\/angelsvillas.com\/wp-content\/uploads\/2020\/12\/inner-img15-735x1024.jpg 735w, https:\/\/angelsvillas.com\/wp-content\/uploads\/2020\/12\/inner-img15-768x1069.jpg 768w\" sizes=\"(max-width: 800px) 100vw, 800px\" \/>\n                                            <\/div>\t<div class=\"qodef-m-content\">\n\t\t\t<div class=\"qodef-m-subtitle\" >\n        sightseeing\t<\/div>\n\t\t\t<h4 class=\"qodef-m-title\" style=\"margin-top: 5px\">\n\t\t\t\t\tSpa treatments\t\t\t<\/h4>\n\t\t\t<p class=\"qodef-m-text\" >Dictum varius duis at consectetur lorem donec massa sapien faucibus. Tincidunt arcu non sodales neque sodales ut etiam sit amet. Enim nulla aliquet porttitor lacus luctus accumsan. Eget magna fermentum iaculis eu non diam phasellus vestibulum. Dui faucibus in ornare quam viverra. Pretium quam vulputate dignissim suspendisse in est. \n<\/p>\n\t<\/div>\n<\/div>\t\t<\/div>\n\t\t\t\t<\/div>\n\t\t\t\t\t<\/div>\n\t\t<\/div>\n\t\t\t\t\t\t\t<\/div>\n\t\t<\/section>\n\t\t\t\t<section class=\"elementor-section elementor-top-section elementor-element elementor-element-e6c6a96 qodef-elementor-content-grid elementor-hidden-desktop elementor-hidden-tablet elementor-hidden-mobile elementor-section-boxed elementor-section-height-default elementor-section-height-default\" data-id=\"e6c6a96\" data-element_type=\"section\">\n\t\t\t\t\t\t<div class=\"elementor-container elementor-column-gap-default\">\n\t\t\t\t\t<div class=\"elementor-column elementor-col-50 elementor-top-column elementor-element elementor-element-dc89d54\" data-id=\"dc89d54\" data-element_type=\"column\">\n\t\t\t<div class=\"elementor-widget-wrap elementor-element-populated\">\n\t\t\t\t\t\t\t\t<div class=\"elementor-element elementor-element-6a97c0a elementor-widget elementor-widget-augustine_core_image_with_text\" data-id=\"6a97c0a\" data-element_type=\"widget\" data-widget_type=\"augustine_core_image_with_text.default\">\n\t\t\t\t<div class=\"elementor-widget-container\">\n\t\t\t<div class=\"qodef-shortcode qodef-m  qodef-image-with-text qodef-layout--text-below   \">\n\t<div class=\"qodef-m-image\">\n                                            <img decoding=\"async\" width=\"800\" height=\"1114\" src=\"https:\/\/angelsvillas.com\/wp-content\/uploads\/2020\/12\/inner-img14.jpg\" class=\"attachment-full size-full\" alt=\"s\" srcset=\"https:\/\/angelsvillas.com\/wp-content\/uploads\/2020\/12\/inner-img14.jpg 800w, https:\/\/angelsvillas.com\/wp-content\/uploads\/2020\/12\/inner-img14-600x836.jpg 600w, https:\/\/angelsvillas.com\/wp-content\/uploads\/2020\/12\/inner-img14-215x300.jpg 215w, https:\/\/angelsvillas.com\/wp-content\/uploads\/2020\/12\/inner-img14-735x1024.jpg 735w, https:\/\/angelsvillas.com\/wp-content\/uploads\/2020\/12\/inner-img14-768x1069.jpg 768w\" sizes=\"(max-width: 800px) 100vw, 800px\" \/>\n                                            <\/div>\t<div class=\"qodef-m-content\">\n\t\t\t<div class=\"qodef-m-subtitle\" >\n        sightseeing\t<\/div>\n\t\t\t<h4 class=\"qodef-m-title\" style=\"margin-top: 5px\">\n\t\t\t\t\tSpa treatments\t\t\t<\/h4>\n\t\t\t<p class=\"qodef-m-text\" >Dictum varius duis at consectetur lorem donec massa sapien faucibus. Tincidunt arcu non sodales neque sodales ut etiam sit amet. Enim nulla aliquet porttitor lacus luctus accumsan. Eget magna fermentum iaculis eu non diam phasellus vestibulum. Dui faucibus in ornare quam viverra. Pretium quam vulputate dignissim suspendisse in est. \n<\/p>\n\t<\/div>\n<\/div>\t\t<\/div>\n\t\t\t\t<\/div>\n\t\t\t\t\t<\/div>\n\t\t<\/div>\n\t\t\t\t<div class=\"elementor-column elementor-col-50 elementor-top-column elementor-element elementor-element-e579d2a\" data-id=\"e579d2a\" data-element_type=\"column\">\n\t\t\t<div class=\"elementor-widget-wrap elementor-element-populated\">\n\t\t\t\t\t\t\t\t<div class=\"elementor-element elementor-element-85dfe01 elementor-widget elementor-widget-augustine_core_image_with_text\" data-id=\"85dfe01\" data-element_type=\"widget\" data-widget_type=\"augustine_core_image_with_text.default\">\n\t\t\t\t<div class=\"elementor-widget-container\">\n\t\t\t<div class=\"qodef-shortcode qodef-m  qodef-image-with-text qodef-layout--text-below   \">\n\t<div class=\"qodef-m-image\">\n                                            <img decoding=\"async\" width=\"800\" height=\"1114\" src=\"https:\/\/angelsvillas.com\/wp-content\/uploads\/2020\/12\/inner-img04.jpg\" class=\"attachment-full size-full\" alt=\"s\" srcset=\"https:\/\/angelsvillas.com\/wp-content\/uploads\/2020\/12\/inner-img04.jpg 800w, https:\/\/angelsvillas.com\/wp-content\/uploads\/2020\/12\/inner-img04-600x836.jpg 600w, https:\/\/angelsvillas.com\/wp-content\/uploads\/2020\/12\/inner-img04-215x300.jpg 215w, https:\/\/angelsvillas.com\/wp-content\/uploads\/2020\/12\/inner-img04-735x1024.jpg 735w, https:\/\/angelsvillas.com\/wp-content\/uploads\/2020\/12\/inner-img04-768x1069.jpg 768w\" sizes=\"(max-width: 800px) 100vw, 800px\" \/>\n                                            <\/div>\t<div class=\"qodef-m-content\">\n\t\t\t<div class=\"qodef-m-subtitle\" >\n        sightseeing\t<\/div>\n\t\t\t<h4 class=\"qodef-m-title\" style=\"margin-top: 5px\">\n\t\t\t\t\tKids activities\t\t\t<\/h4>\n\t\t\t<p class=\"qodef-m-text\" >Dictum varius duis at consectetur lorem donec massa sapien faucibus. Tincidunt arcu non sodales neque sodales ut etiam sit amet. Enim nulla aliquet porttitor lacus luctus accumsan. Eget magna fermentum iaculis eu non diam phasellus vestibulum. Dui faucibus in ornare quam viverra. Pretium quam vulputate dignissim suspendisse in est. \n<\/p>\n\t<\/div>\n<\/div>\t\t<\/div>\n\t\t\t\t<\/div>\n\t\t\t\t\t<\/div>\n\t\t<\/div>\n\t\t\t\t\t\t\t<\/div>\n\t\t<\/section>\n\t\t\t\t\t\t\t<\/div>\n\t\t","protected":false},"excerpt":{"rendered":"<p>Nuestra Isla En el mar Egeo, en el coraz\u00f3n de las C\u00edcladas, se halla la pintoresca isla de Paros. Se trata de un destino de vacaciones favorito, con pueblos tradicionales y playas de arena con aguas cristalinas de color azul turquesa, que atrae a miles de visitantes cada a\u00f1o. Adem\u00e1s de las decenas de playas [&hellip;]<\/p>\n","protected":false},"author":1,"featured_media":0,"parent":0,"menu_order":0,"comment_status":"closed","ping_status":"closed","template":"page-full-width.php","meta":{"footnotes":""},"class_list":["post-19742","page","type-page","status-publish","hentry"],"_links":{"self":[{"href":"https:\/\/angelsvillas.com\/es\/wp-json\/wp\/v2\/pages\/19742","targetHints":{"allow":["GET"]}}],"collection":[{"href":"https:\/\/angelsvillas.com\/es\/wp-json\/wp\/v2\/pages"}],"about":[{"href":"https:\/\/angelsvillas.com\/es\/wp-json\/wp\/v2\/types\/page"}],"author":[{"embeddable":true,"href":"https:\/\/angelsvillas.com\/es\/wp-json\/wp\/v2\/users\/1"}],"replies":[{"embeddable":true,"href":"https:\/\/angelsvillas.com\/es\/wp-json\/wp\/v2\/comments?post=19742"}],"version-history":[{"count":5,"href":"https:\/\/angelsvillas.com\/es\/wp-json\/wp\/v2\/pages\/19742\/revisions"}],"predecessor-version":[{"id":19749,"href":"https:\/\/angelsvillas.com\/es\/wp-json\/wp\/v2\/pages\/19742\/revisions\/19749"}],"wp:attachment":[{"href":"https:\/\/angelsvillas.com\/es\/wp-json\/wp\/v2\/media?parent=19742"}],"curies":[{"name":"wp","href":"https:\/\/api.w.org\/{rel}","templated":true}]}}