{"id":19750,"date":"2022-12-07T10:02:33","date_gmt":"2022-12-07T10:02:33","guid":{"rendered":"https:\/\/angelsvillas.com\/paros\/playas\/"},"modified":"2023-05-13T10:20:44","modified_gmt":"2023-05-13T10:20:44","slug":"playas","status":"publish","type":"page","link":"https:\/\/angelsvillas.com\/es\/paros\/playas\/","title":{"rendered":"Playas"},"content":{"rendered":"\t\t<div data-elementor-type=\"wp-page\" data-elementor-id=\"19750\" class=\"elementor elementor-19750 elementor-13607\">\n\t\t\t\t\t\t\t\t\t<section class=\"elementor-section elementor-top-section elementor-element elementor-element-269c446 elementor-section-boxed elementor-section-height-default elementor-section-height-default qodef-elementor-content-no\" data-id=\"269c446\" data-element_type=\"section\">\n\t\t\t\t\t\t<div class=\"elementor-container elementor-column-gap-default\">\n\t\t\t\t\t<div class=\"elementor-column elementor-col-100 elementor-top-column elementor-element elementor-element-429e7668\" data-id=\"429e7668\" data-element_type=\"column\">\n\t\t\t<div class=\"elementor-widget-wrap elementor-element-populated\">\n\t\t\t\t\t\t\t\t<div class=\"elementor-element elementor-element-2134725d elementor-widget elementor-widget-augustine_core_section_title\" data-id=\"2134725d\" data-element_type=\"widget\" data-widget_type=\"augustine_core_section_title.default\">\n\t\t\t\t<div class=\"elementor-widget-container\">\n\t\t\t<div class=\"qodef-shortcode qodef-m  qodef-section-title qodef-alignment--left  qodef-title-appear qodef-title-alt-appear  \">\n\t\t\t\t<h1 class=\"qodef-m-title\" >\n\t\t\t\t\tMar Azul\t\t\t<\/h1>\n\t\t<\/div>\t\t<\/div>\n\t\t\t\t<\/div>\n\t\t\t\t\t<\/div>\n\t\t<\/div>\n\t\t\t\t\t\t\t<\/div>\n\t\t<\/section>\n\t\t\t\t<section class=\"elementor-section elementor-top-section elementor-element elementor-element-9b2923c qodef-elementor-content-grid elementor-section-full_width elementor-section-height-default elementor-section-height-default\" data-id=\"9b2923c\" data-element_type=\"section\">\n\t\t\t\t\t\t<div class=\"elementor-container elementor-column-gap-default\">\n\t\t\t\t\t<div class=\"elementor-column elementor-col-50 elementor-top-column elementor-element elementor-element-d0abee9\" data-id=\"d0abee9\" data-element_type=\"column\">\n\t\t\t<div class=\"elementor-widget-wrap elementor-element-populated\">\n\t\t\t\t\t\t\t\t<div class=\"elementor-element elementor-element-1db6ffe elementor-widget__width-initial elementor-widget elementor-widget-text-editor\" data-id=\"1db6ffe\" data-element_type=\"widget\" data-widget_type=\"text-editor.default\">\n\t\t\t\t<div class=\"elementor-widget-container\">\n\t\t\t<style>\/*! elementor - v3.8.1 - 13-11-2022 *\/\n.elementor-widget-text-editor.elementor-drop-cap-view-stacked .elementor-drop-cap{background-color:#818a91;color:#fff}.elementor-widget-text-editor.elementor-drop-cap-view-framed .elementor-drop-cap{color:#818a91;border:3px solid;background-color:transparent}.elementor-widget-text-editor:not(.elementor-drop-cap-view-default) .elementor-drop-cap{margin-top:8px}.elementor-widget-text-editor:not(.elementor-drop-cap-view-default) .elementor-drop-cap-letter{width:1em;height:1em}.elementor-widget-text-editor .elementor-drop-cap{float:left;text-align:center;line-height:1;font-size:50px}.elementor-widget-text-editor .elementor-drop-cap-letter{display:inline-block}<\/style>\t\t\t\t<p>Las playas m\u00e1s populares son Kolympithres, Lageri, Monastiri y Santa Maria que est\u00e1n situadas en la parte norte de Paros. Si prefiere playas m\u00e1s tranquilas, puede visitar las playas de Aliki y de Faragga en la costa meridional de Paros.<\/p><p>En la parte occidental se encuentran las playas de Agia Irini, Krios, Livadia, Martsello y Parasporos, mientras que a lo largo de la costa oriental de la isla est\u00e1n las playas de Ampelas, Dryos, Logaras, Molos, Piso Livadi y Pounta.<\/p><p>Paros es el lugar ideal para los amantes de los deportes acu\u00e1ticos y especialmente del windsurf y del kitesurf.<br \/>Las playas m\u00e1s famosas para hacer windsurfing son la de Hrysi Akti y la de Nea Hrysi Akti.<br \/>La gran playa arenosa de Hrysi Akti, una de las m\u00e1s bonitas de la isla, es la m\u00e1s adecuada para el aprendizaje de windsurf. Aqu\u00ed se organiza el evento internacional anual de windsurf Campeonato Mundial de la PWA (Professional Windsurfers Association). Los amantes de los deportes acu\u00e1ticos, del windsurf, del kitesurf y de los barcos de vela, encuentran un para\u00edso terrestre en las hermosas playas de arena de la isla, donde cada verano se celebran varios campeonatos mundiales.<\/p>\t\t\t\t\t\t<\/div>\n\t\t\t\t<\/div>\n\t\t\t\t\t<\/div>\n\t\t<\/div>\n\t\t\t\t<div class=\"elementor-column elementor-col-50 elementor-top-column elementor-element elementor-element-a05f9e8\" data-id=\"a05f9e8\" data-element_type=\"column\">\n\t\t\t<div class=\"elementor-widget-wrap elementor-element-populated\">\n\t\t\t\t\t\t\t\t<div class=\"elementor-element elementor-element-e61b3c8 elementor-widget elementor-widget-image\" data-id=\"e61b3c8\" data-element_type=\"widget\" data-widget_type=\"image.default\">\n\t\t\t\t<div class=\"elementor-widget-container\">\n\t\t\t<style>\/*! elementor - v3.8.1 - 13-11-2022 *\/\n.elementor-widget-image{text-align:center}.elementor-widget-image a{display:inline-block}.elementor-widget-image a img[src$=\".svg\"]{width:48px}.elementor-widget-image img{vertical-align:middle;display:inline-block}<\/style>\t\t\t\t\t\t\t\t\t\t\t\t<img decoding=\"async\" width=\"1024\" height=\"953\" src=\"https:\/\/angelsvillas.com\/wp-content\/uploads\/2022\/12\/paros_01a-1024x953.jpg\" class=\"attachment-large size-large\" alt=\"\" srcset=\"https:\/\/angelsvillas.com\/wp-content\/uploads\/2022\/12\/paros_01a-1024x953.jpg 1024w, https:\/\/angelsvillas.com\/wp-content\/uploads\/2022\/12\/paros_01a-300x279.jpg 300w, https:\/\/angelsvillas.com\/wp-content\/uploads\/2022\/12\/paros_01a-768x715.jpg 768w, https:\/\/angelsvillas.com\/wp-content\/uploads\/2022\/12\/paros_01a-600x558.jpg 600w, https:\/\/angelsvillas.com\/wp-content\/uploads\/2022\/12\/paros_01a.jpg 1080w\" sizes=\"(max-width: 1024px) 100vw, 1024px\" \/>\t\t\t\t\t\t\t\t\t\t\t\t\t\t\t<\/div>\n\t\t\t\t<\/div>\n\t\t\t\t\t<\/div>\n\t\t<\/div>\n\t\t\t\t\t\t\t<\/div>\n\t\t<\/section>\n\t\t\t\t<section class=\"elementor-section elementor-top-section elementor-element elementor-element-a7a43ff qodef-elementor-content-grid elementor-hidden-desktop elementor-hidden-tablet elementor-hidden-mobile elementor-section-boxed elementor-section-height-default elementor-section-height-default\" data-id=\"a7a43ff\" data-element_type=\"section\">\n\t\t\t\t\t\t<div class=\"elementor-container elementor-column-gap-default\">\n\t\t\t\t\t<div class=\"elementor-column elementor-col-50 elementor-top-column elementor-element elementor-element-e564ffb\" data-id=\"e564ffb\" data-element_type=\"column\">\n\t\t\t<div class=\"elementor-widget-wrap elementor-element-populated\">\n\t\t\t\t\t\t\t\t<div class=\"elementor-element elementor-element-b0e5457 elementor-widget elementor-widget-augustine_core_image_with_text\" data-id=\"b0e5457\" data-element_type=\"widget\" data-widget_type=\"augustine_core_image_with_text.default\">\n\t\t\t\t<div class=\"elementor-widget-container\">\n\t\t\t<div class=\"qodef-shortcode qodef-m  qodef-image-with-text qodef-layout--text-below   \">\n\t<div class=\"qodef-m-image\">\n                                            <img decoding=\"async\" width=\"800\" height=\"1114\" src=\"https:\/\/angelsvillas.com\/wp-content\/uploads\/2020\/12\/inner-img12.jpg\" class=\"attachment-full size-full\" alt=\"s\" srcset=\"https:\/\/angelsvillas.com\/wp-content\/uploads\/2020\/12\/inner-img12.jpg 800w, https:\/\/angelsvillas.com\/wp-content\/uploads\/2020\/12\/inner-img12-600x836.jpg 600w, https:\/\/angelsvillas.com\/wp-content\/uploads\/2020\/12\/inner-img12-215x300.jpg 215w, https:\/\/angelsvillas.com\/wp-content\/uploads\/2020\/12\/inner-img12-735x1024.jpg 735w, https:\/\/angelsvillas.com\/wp-content\/uploads\/2020\/12\/inner-img12-768x1069.jpg 768w\" sizes=\"(max-width: 800px) 100vw, 800px\" \/>\n                                            <\/div>\t<div class=\"qodef-m-content\">\n\t\t\t<div class=\"qodef-m-subtitle\" >\n        sightseeing\t<\/div>\n\t\t\t<h4 class=\"qodef-m-title\" style=\"margin-top: 5px\">\n\t\t\t\t\tEnjoy the tradition\t\t\t<\/h4>\n\t\t\t<p class=\"qodef-m-text\" >Dictum varius duis at consectetur lorem donec massa sapien faucibus. Tincidunt arcu non sodales neque sodales ut etiam sit amet. Enim nulla aliquet porttitor lacus luctus accumsan. Eget magna fermentum iaculis eu non diam phasellus vestibulum. Dui faucibus in ornare quam viverra. Pretium quam vulputate dignissim suspendisse in est. \n<\/p>\n\t<\/div>\n<\/div>\t\t<\/div>\n\t\t\t\t<\/div>\n\t\t\t\t\t<\/div>\n\t\t<\/div>\n\t\t\t\t<div class=\"elementor-column elementor-col-50 elementor-top-column elementor-element elementor-element-df2acdd\" data-id=\"df2acdd\" data-element_type=\"column\">\n\t\t\t<div class=\"elementor-widget-wrap elementor-element-populated\">\n\t\t\t\t\t\t\t\t<div class=\"elementor-element elementor-element-a9f0e4c elementor-widget elementor-widget-augustine_core_image_with_text\" data-id=\"a9f0e4c\" data-element_type=\"widget\" data-widget_type=\"augustine_core_image_with_text.default\">\n\t\t\t\t<div class=\"elementor-widget-container\">\n\t\t\t<div class=\"qodef-shortcode qodef-m  qodef-image-with-text qodef-layout--text-below   \">\n\t<div class=\"qodef-m-image\">\n                                            <img decoding=\"async\" width=\"800\" height=\"1114\" src=\"https:\/\/angelsvillas.com\/wp-content\/uploads\/2020\/12\/inner-img23.jpg\" class=\"attachment-full size-full\" alt=\"s\" srcset=\"https:\/\/angelsvillas.com\/wp-content\/uploads\/2020\/12\/inner-img23.jpg 800w, https:\/\/angelsvillas.com\/wp-content\/uploads\/2020\/12\/inner-img23-600x836.jpg 600w, https:\/\/angelsvillas.com\/wp-content\/uploads\/2020\/12\/inner-img23-215x300.jpg 215w, https:\/\/angelsvillas.com\/wp-content\/uploads\/2020\/12\/inner-img23-735x1024.jpg 735w, https:\/\/angelsvillas.com\/wp-content\/uploads\/2020\/12\/inner-img23-768x1069.jpg 768w\" sizes=\"(max-width: 800px) 100vw, 800px\" \/>\n                                            <\/div>\t<div class=\"qodef-m-content\">\n\t\t\t<div class=\"qodef-m-subtitle\" >\n        sightseeing\t<\/div>\n\t\t\t<h4 class=\"qodef-m-title\" style=\"margin-top: 5px\">\n\t\t\t\t\tExplore the city\t\t\t<\/h4>\n\t\t\t<p class=\"qodef-m-text\" >Dictum varius duis at consectetur lorem donec massa sapien faucibus. Tincidunt arcu non sodales neque sodales ut etiam sit amet. Enim nulla aliquet porttitor lacus luctus accumsan. Eget magna fermentum iaculis eu non diam phasellus vestibulum. Dui faucibus in ornare quam viverra. Pretium quam vulputate dignissim suspendisse in est. \n<\/p>\n\t<\/div>\n<\/div>\t\t<\/div>\n\t\t\t\t<\/div>\n\t\t\t\t\t<\/div>\n\t\t<\/div>\n\t\t\t\t\t\t\t<\/div>\n\t\t<\/section>\n\t\t\t\t<section class=\"elementor-section elementor-top-section elementor-element elementor-element-04ec5dc qodef-elementor-content-grid elementor-hidden-desktop elementor-hidden-tablet elementor-hidden-mobile elementor-section-boxed elementor-section-height-default elementor-section-height-default\" data-id=\"04ec5dc\" data-element_type=\"section\">\n\t\t\t\t\t\t<div class=\"elementor-container elementor-column-gap-default\">\n\t\t\t\t\t<div class=\"elementor-column elementor-col-50 elementor-top-column elementor-element elementor-element-d05c514\" data-id=\"d05c514\" data-element_type=\"column\">\n\t\t\t<div class=\"elementor-widget-wrap elementor-element-populated\">\n\t\t\t\t\t\t\t\t<div class=\"elementor-element elementor-element-7d45995 elementor-widget elementor-widget-augustine_core_image_with_text\" data-id=\"7d45995\" data-element_type=\"widget\" data-widget_type=\"augustine_core_image_with_text.default\">\n\t\t\t\t<div class=\"elementor-widget-container\">\n\t\t\t<div class=\"qodef-shortcode qodef-m  qodef-image-with-text qodef-layout--text-below   \">\n\t<div class=\"qodef-m-image\">\n                                            <img decoding=\"async\" width=\"800\" height=\"1114\" src=\"https:\/\/angelsvillas.com\/wp-content\/uploads\/2020\/12\/inner-img09.jpg\" class=\"attachment-full size-full\" alt=\"s\" srcset=\"https:\/\/angelsvillas.com\/wp-content\/uploads\/2020\/12\/inner-img09.jpg 800w, https:\/\/angelsvillas.com\/wp-content\/uploads\/2020\/12\/inner-img09-600x836.jpg 600w, https:\/\/angelsvillas.com\/wp-content\/uploads\/2020\/12\/inner-img09-215x300.jpg 215w, https:\/\/angelsvillas.com\/wp-content\/uploads\/2020\/12\/inner-img09-735x1024.jpg 735w, https:\/\/angelsvillas.com\/wp-content\/uploads\/2020\/12\/inner-img09-768x1069.jpg 768w\" sizes=\"(max-width: 800px) 100vw, 800px\" \/>\n                                            <\/div>\t<div class=\"qodef-m-content\">\n\t\t\t<div class=\"qodef-m-subtitle\" >\n        sightseeing\t<\/div>\n\t\t\t<h4 class=\"qodef-m-title\" style=\"margin-top: 5px\">\n\t\t\t\t\tRelax moments\t\t\t<\/h4>\n\t\t\t<p class=\"qodef-m-text\" >Dictum varius duis at consectetur lorem donec massa sapien faucibus. Tincidunt arcu non sodales neque sodales ut etiam sit amet. Enim nulla aliquet porttitor lacus luctus accumsan. Eget magna fermentum iaculis eu non diam phasellus vestibulum. Dui faucibus in ornare quam viverra. Pretium quam vulputate dignissim suspendisse in est. \n<\/p>\n\t<\/div>\n<\/div>\t\t<\/div>\n\t\t\t\t<\/div>\n\t\t\t\t\t<\/div>\n\t\t<\/div>\n\t\t\t\t<div class=\"elementor-column elementor-col-50 elementor-top-column elementor-element elementor-element-458321d\" data-id=\"458321d\" data-element_type=\"column\">\n\t\t\t<div class=\"elementor-widget-wrap elementor-element-populated\">\n\t\t\t\t\t\t\t\t<div class=\"elementor-element elementor-element-37a33c1 elementor-widget elementor-widget-augustine_core_image_with_text\" data-id=\"37a33c1\" data-element_type=\"widget\" data-widget_type=\"augustine_core_image_with_text.default\">\n\t\t\t\t<div class=\"elementor-widget-container\">\n\t\t\t<div class=\"qodef-shortcode qodef-m  qodef-image-with-text qodef-layout--text-below   \">\n\t<div class=\"qodef-m-image\">\n                                            <img decoding=\"async\" width=\"800\" height=\"1114\" src=\"https:\/\/angelsvillas.com\/wp-content\/uploads\/2020\/12\/inner-img15.jpg\" class=\"attachment-full size-full\" alt=\"s\" srcset=\"https:\/\/angelsvillas.com\/wp-content\/uploads\/2020\/12\/inner-img15.jpg 800w, https:\/\/angelsvillas.com\/wp-content\/uploads\/2020\/12\/inner-img15-600x836.jpg 600w, https:\/\/angelsvillas.com\/wp-content\/uploads\/2020\/12\/inner-img15-215x300.jpg 215w, https:\/\/angelsvillas.com\/wp-content\/uploads\/2020\/12\/inner-img15-735x1024.jpg 735w, https:\/\/angelsvillas.com\/wp-content\/uploads\/2020\/12\/inner-img15-768x1069.jpg 768w\" sizes=\"(max-width: 800px) 100vw, 800px\" \/>\n                                            <\/div>\t<div class=\"qodef-m-content\">\n\t\t\t<div class=\"qodef-m-subtitle\" >\n        sightseeing\t<\/div>\n\t\t\t<h4 class=\"qodef-m-title\" style=\"margin-top: 5px\">\n\t\t\t\t\tSpa treatments\t\t\t<\/h4>\n\t\t\t<p class=\"qodef-m-text\" >Dictum varius duis at consectetur lorem donec massa sapien faucibus. Tincidunt arcu non sodales neque sodales ut etiam sit amet. Enim nulla aliquet porttitor lacus luctus accumsan. Eget magna fermentum iaculis eu non diam phasellus vestibulum. Dui faucibus in ornare quam viverra. Pretium quam vulputate dignissim suspendisse in est. \n<\/p>\n\t<\/div>\n<\/div>\t\t<\/div>\n\t\t\t\t<\/div>\n\t\t\t\t\t<\/div>\n\t\t<\/div>\n\t\t\t\t\t\t\t<\/div>\n\t\t<\/section>\n\t\t\t\t<section class=\"elementor-section elementor-top-section elementor-element elementor-element-e6c6a96 qodef-elementor-content-grid elementor-hidden-desktop elementor-hidden-tablet elementor-hidden-mobile elementor-section-boxed elementor-section-height-default elementor-section-height-default\" data-id=\"e6c6a96\" data-element_type=\"section\">\n\t\t\t\t\t\t<div class=\"elementor-container elementor-column-gap-default\">\n\t\t\t\t\t<div class=\"elementor-column elementor-col-50 elementor-top-column elementor-element elementor-element-dc89d54\" data-id=\"dc89d54\" data-element_type=\"column\">\n\t\t\t<div class=\"elementor-widget-wrap elementor-element-populated\">\n\t\t\t\t\t\t\t\t<div class=\"elementor-element elementor-element-6a97c0a elementor-widget elementor-widget-augustine_core_image_with_text\" data-id=\"6a97c0a\" data-element_type=\"widget\" data-widget_type=\"augustine_core_image_with_text.default\">\n\t\t\t\t<div class=\"elementor-widget-container\">\n\t\t\t<div class=\"qodef-shortcode qodef-m  qodef-image-with-text qodef-layout--text-below   \">\n\t<div class=\"qodef-m-image\">\n                                            <img decoding=\"async\" width=\"800\" height=\"1114\" src=\"https:\/\/angelsvillas.com\/wp-content\/uploads\/2020\/12\/inner-img14.jpg\" class=\"attachment-full size-full\" alt=\"s\" srcset=\"https:\/\/angelsvillas.com\/wp-content\/uploads\/2020\/12\/inner-img14.jpg 800w, https:\/\/angelsvillas.com\/wp-content\/uploads\/2020\/12\/inner-img14-600x836.jpg 600w, https:\/\/angelsvillas.com\/wp-content\/uploads\/2020\/12\/inner-img14-215x300.jpg 215w, https:\/\/angelsvillas.com\/wp-content\/uploads\/2020\/12\/inner-img14-735x1024.jpg 735w, https:\/\/angelsvillas.com\/wp-content\/uploads\/2020\/12\/inner-img14-768x1069.jpg 768w\" sizes=\"(max-width: 800px) 100vw, 800px\" \/>\n                                            <\/div>\t<div class=\"qodef-m-content\">\n\t\t\t<div class=\"qodef-m-subtitle\" >\n        sightseeing\t<\/div>\n\t\t\t<h4 class=\"qodef-m-title\" style=\"margin-top: 5px\">\n\t\t\t\t\tSpa treatments\t\t\t<\/h4>\n\t\t\t<p class=\"qodef-m-text\" >Dictum varius duis at consectetur lorem donec massa sapien faucibus. Tincidunt arcu non sodales neque sodales ut etiam sit amet. Enim nulla aliquet porttitor lacus luctus accumsan. Eget magna fermentum iaculis eu non diam phasellus vestibulum. Dui faucibus in ornare quam viverra. Pretium quam vulputate dignissim suspendisse in est. \n<\/p>\n\t<\/div>\n<\/div>\t\t<\/div>\n\t\t\t\t<\/div>\n\t\t\t\t\t<\/div>\n\t\t<\/div>\n\t\t\t\t<div class=\"elementor-column elementor-col-50 elementor-top-column elementor-element elementor-element-e579d2a\" data-id=\"e579d2a\" data-element_type=\"column\">\n\t\t\t<div class=\"elementor-widget-wrap elementor-element-populated\">\n\t\t\t\t\t\t\t\t<div class=\"elementor-element elementor-element-85dfe01 elementor-widget elementor-widget-augustine_core_image_with_text\" data-id=\"85dfe01\" data-element_type=\"widget\" data-widget_type=\"augustine_core_image_with_text.default\">\n\t\t\t\t<div class=\"elementor-widget-container\">\n\t\t\t<div class=\"qodef-shortcode qodef-m  qodef-image-with-text qodef-layout--text-below   \">\n\t<div class=\"qodef-m-image\">\n                                            <img decoding=\"async\" width=\"800\" height=\"1114\" src=\"https:\/\/angelsvillas.com\/wp-content\/uploads\/2020\/12\/inner-img04.jpg\" class=\"attachment-full size-full\" alt=\"s\" srcset=\"https:\/\/angelsvillas.com\/wp-content\/uploads\/2020\/12\/inner-img04.jpg 800w, https:\/\/angelsvillas.com\/wp-content\/uploads\/2020\/12\/inner-img04-600x836.jpg 600w, https:\/\/angelsvillas.com\/wp-content\/uploads\/2020\/12\/inner-img04-215x300.jpg 215w, https:\/\/angelsvillas.com\/wp-content\/uploads\/2020\/12\/inner-img04-735x1024.jpg 735w, https:\/\/angelsvillas.com\/wp-content\/uploads\/2020\/12\/inner-img04-768x1069.jpg 768w\" sizes=\"(max-width: 800px) 100vw, 800px\" \/>\n                                            <\/div>\t<div class=\"qodef-m-content\">\n\t\t\t<div class=\"qodef-m-subtitle\" >\n        sightseeing\t<\/div>\n\t\t\t<h4 class=\"qodef-m-title\" style=\"margin-top: 5px\">\n\t\t\t\t\tKids activities\t\t\t<\/h4>\n\t\t\t<p class=\"qodef-m-text\" >Dictum varius duis at consectetur lorem donec massa sapien faucibus. Tincidunt arcu non sodales neque sodales ut etiam sit amet. Enim nulla aliquet porttitor lacus luctus accumsan. Eget magna fermentum iaculis eu non diam phasellus vestibulum. Dui faucibus in ornare quam viverra. Pretium quam vulputate dignissim suspendisse in est. \n<\/p>\n\t<\/div>\n<\/div>\t\t<\/div>\n\t\t\t\t<\/div>\n\t\t\t\t\t<\/div>\n\t\t<\/div>\n\t\t\t\t\t\t\t<\/div>\n\t\t<\/section>\n\t\t\t\t\t\t\t<\/div>\n\t\t","protected":false},"excerpt":{"rendered":"<p>Mar Azul Las playas m\u00e1s populares son Kolympithres, Lageri, Monastiri y Santa Maria que est\u00e1n situadas en la parte norte de Paros. Si prefiere playas m\u00e1s tranquilas, puede visitar las playas de Aliki y de Faragga en la costa meridional de Paros. En la parte occidental se encuentran las playas de Agia Irini, Krios, Livadia, [&hellip;]<\/p>\n","protected":false},"author":1,"featured_media":0,"parent":19742,"menu_order":0,"comment_status":"closed","ping_status":"closed","template":"page-full-width.php","meta":{"footnotes":""},"class_list":["post-19750","page","type-page","status-publish","hentry"],"_links":{"self":[{"href":"https:\/\/angelsvillas.com\/es\/wp-json\/wp\/v2\/pages\/19750","targetHints":{"allow":["GET"]}}],"collection":[{"href":"https:\/\/angelsvillas.com\/es\/wp-json\/wp\/v2\/pages"}],"about":[{"href":"https:\/\/angelsvillas.com\/es\/wp-json\/wp\/v2\/types\/page"}],"author":[{"embeddable":true,"href":"https:\/\/angelsvillas.com\/es\/wp-json\/wp\/v2\/users\/1"}],"replies":[{"embeddable":true,"href":"https:\/\/angelsvillas.com\/es\/wp-json\/wp\/v2\/comments?post=19750"}],"version-history":[{"count":5,"href":"https:\/\/angelsvillas.com\/es\/wp-json\/wp\/v2\/pages\/19750\/revisions"}],"predecessor-version":[{"id":19756,"href":"https:\/\/angelsvillas.com\/es\/wp-json\/wp\/v2\/pages\/19750\/revisions\/19756"}],"up":[{"embeddable":true,"href":"https:\/\/angelsvillas.com\/es\/wp-json\/wp\/v2\/pages\/19742"}],"wp:attachment":[{"href":"https:\/\/angelsvillas.com\/es\/wp-json\/wp\/v2\/media?parent=19750"}],"curies":[{"name":"wp","href":"https:\/\/api.w.org\/{rel}","templated":true}]}}