{"id":19809,"date":"2020-12-01T15:43:46","date_gmt":"2020-12-01T15:43:46","guid":{"rendered":"https:\/\/angelsvillas.com\/contacto\/"},"modified":"2024-12-24T10:49:30","modified_gmt":"2024-12-24T10:49:30","slug":"contacto","status":"publish","type":"page","link":"https:\/\/angelsvillas.com\/es\/contacto\/","title":{"rendered":"Contacto"},"content":{"rendered":"\t\t<div data-elementor-type=\"wp-page\" data-elementor-id=\"19809\" class=\"elementor elementor-19809 elementor-3477\">\n\t\t\t\t\t\t\t\t\t<section class=\"elementor-section elementor-top-section elementor-element elementor-element-16ff598c elementor-section-boxed elementor-section-height-default elementor-section-height-default qodef-elementor-content-no\" data-id=\"16ff598c\" data-element_type=\"section\">\n\t\t\t\t\t\t<div class=\"elementor-container elementor-column-gap-default\">\n\t\t\t\t\t<div class=\"elementor-column elementor-col-100 elementor-top-column elementor-element elementor-element-790400d4\" data-id=\"790400d4\" data-element_type=\"column\">\n\t\t\t<div class=\"elementor-widget-wrap elementor-element-populated\">\n\t\t\t\t\t\t\t\t<div class=\"elementor-element elementor-element-74446db elementor-widget elementor-widget-augustine_core_section_title\" data-id=\"74446db\" data-element_type=\"widget\" data-widget_type=\"augustine_core_section_title.default\">\n\t\t\t\t<div class=\"elementor-widget-container\">\n\t\t\t<div class=\"qodef-shortcode qodef-m  qodef-section-title qodef-alignment--left  qodef-title-appear qodef-title-alt-appear  \">\n\t\t\t\t<h1 class=\"qodef-m-title\" >\n\t\t\t\t\tPonerse en Contacto\t\t\t<\/h1>\n\t\t<\/div>\t\t<\/div>\n\t\t\t\t<\/div>\n\t\t\t\t\t<\/div>\n\t\t<\/div>\n\t\t\t\t\t\t\t<\/div>\n\t\t<\/section>\n\t\t\t\t<section class=\"elementor-section elementor-top-section elementor-element elementor-element-6e51a79e qodef-elementor-content-grid qodef-extended-grid qodef-extended-grid--right qodef-green-white-hover elementor-section-boxed elementor-section-height-default elementor-section-height-default\" data-id=\"6e51a79e\" data-element_type=\"section\">\n\t\t\t\t\t\t<div class=\"elementor-container elementor-column-gap-default\">\n\t\t\t\t\t<div class=\"elementor-column elementor-col-50 elementor-top-column elementor-element elementor-element-2936e20e\" data-id=\"2936e20e\" data-element_type=\"column\">\n\t\t\t<div class=\"elementor-widget-wrap\">\n\t\t\t\t\t\t\t\t\t<\/div>\n\t\t<\/div>\n\t\t\t\t<div class=\"elementor-column elementor-col-50 elementor-top-column elementor-element elementor-element-6175c09c\" data-id=\"6175c09c\" data-element_type=\"column\">\n\t\t\t<div class=\"elementor-widget-wrap\">\n\t\t\t\t\t\t\t\t\t<\/div>\n\t\t<\/div>\n\t\t\t\t\t\t\t<\/div>\n\t\t<\/section>\n\t\t\t\t<section class=\"elementor-section elementor-top-section elementor-element elementor-element-b65a950 elementor-section-boxed elementor-section-height-default elementor-section-height-default qodef-elementor-content-no\" data-id=\"b65a950\" data-element_type=\"section\">\n\t\t\t\t\t\t<div class=\"elementor-container elementor-column-gap-default\">\n\t\t\t\t\t<div class=\"elementor-column elementor-col-50 elementor-top-column elementor-element elementor-element-3997027\" data-id=\"3997027\" data-element_type=\"column\">\n\t\t\t<div class=\"elementor-widget-wrap elementor-element-populated\">\n\t\t\t\t\t\t\t\t<div class=\"elementor-element elementor-element-59ffcda elementor-widget__width-initial elementor-widget-tablet__width-initial elementor-widget elementor-widget-text-editor\" data-id=\"59ffcda\" data-element_type=\"widget\" data-widget_type=\"text-editor.default\">\n\t\t\t\t<div class=\"elementor-widget-container\">\n\t\t\t<style>\/*! elementor - v3.8.1 - 13-11-2022 *\/\n.elementor-widget-text-editor.elementor-drop-cap-view-stacked .elementor-drop-cap{background-color:#818a91;color:#fff}.elementor-widget-text-editor.elementor-drop-cap-view-framed .elementor-drop-cap{color:#818a91;border:3px solid;background-color:transparent}.elementor-widget-text-editor:not(.elementor-drop-cap-view-default) .elementor-drop-cap{margin-top:8px}.elementor-widget-text-editor:not(.elementor-drop-cap-view-default) .elementor-drop-cap-letter{width:1em;height:1em}.elementor-widget-text-editor .elementor-drop-cap{float:left;text-align:center;line-height:1;font-size:50px}.elementor-widget-text-editor .elementor-drop-cap-letter{display:inline-block}<\/style>\t\t\t\t<p>El amor y la pasi\u00f3n hacia lo que hacemos, as\u00ed como nuestra experiencia y discreci\u00f3n, le garantiza unas vacaciones inolvidables.<\/p>\t\t\t\t\t\t<\/div>\n\t\t\t\t<\/div>\n\t\t\t\t<section class=\"elementor-section elementor-inner-section elementor-element elementor-element-13b87add elementor-section-boxed elementor-section-height-default elementor-section-height-default qodef-elementor-content-no\" data-id=\"13b87add\" data-element_type=\"section\">\n\t\t\t\t\t\t<div class=\"elementor-container elementor-column-gap-default\">\n\t\t\t\t\t<div class=\"elementor-column elementor-col-100 elementor-inner-column elementor-element elementor-element-61f7dd0e\" data-id=\"61f7dd0e\" data-element_type=\"column\">\n\t\t\t<div class=\"elementor-widget-wrap elementor-element-populated\">\n\t\t\t\t\t\t\t\t<div class=\"elementor-element elementor-element-6adddac9 elementor-widget__width-initial elementor-widget elementor-widget-augustine_core_icon_with_text\" data-id=\"6adddac9\" data-element_type=\"widget\" data-widget_type=\"augustine_core_icon_with_text.default\">\n\t\t\t\t<div class=\"elementor-widget-container\">\n\t\t\t<div class=\"qodef-shortcode qodef-m  qodef-icon-with-text qodef-layout--before-content qodef--icon-pack \">\n\t<div class=\"qodef-m-icon-wrapper\">\n\t\t<span class=\"qodef-shortcode qodef-m  qodef-icon-holder qodef-size--default qodef-layout--normal\" data-hover-color=\"#0B6354\" >\t        <span class=\"qodef-icon-linea-icons icon-basic-geolocalize-01 qodef-icon qodef-e\" style=\"color: #0B6354;font-size: 25px\" ><\/span>    <\/span>\t<\/div>\n\t<div class=\"qodef-m-content\">\n\t\t\t\t\t<\/div>\n<\/div>\t\t<\/div>\n\t\t\t\t<\/div>\n\t\t\t\t<div class=\"elementor-element elementor-element-282e1d38 elementor-widget__width-initial elementor-widget-mobile__width-initial elementor-widget elementor-widget-text-editor\" data-id=\"282e1d38\" data-element_type=\"widget\" data-widget_type=\"text-editor.default\">\n\t\t\t\t<div class=\"elementor-widget-container\">\n\t\t\t\t\t\t\t<p>Kolimpithres, ZIP:84401<br \/>Naousa Paros, Grecia<\/p>\t\t\t\t\t\t<\/div>\n\t\t\t\t<\/div>\n\t\t\t\t\t<\/div>\n\t\t<\/div>\n\t\t\t\t\t\t\t<\/div>\n\t\t<\/section>\n\t\t\t\t<section class=\"elementor-section elementor-inner-section elementor-element elementor-element-403f2086 elementor-section-boxed elementor-section-height-default elementor-section-height-default qodef-elementor-content-no\" data-id=\"403f2086\" data-element_type=\"section\">\n\t\t\t\t\t\t<div class=\"elementor-container elementor-column-gap-default\">\n\t\t\t\t\t<div class=\"elementor-column elementor-col-100 elementor-inner-column elementor-element elementor-element-8ae64c1\" data-id=\"8ae64c1\" data-element_type=\"column\">\n\t\t\t<div class=\"elementor-widget-wrap elementor-element-populated\">\n\t\t\t\t\t\t\t\t<div class=\"elementor-element elementor-element-2ab2f500 elementor-widget__width-initial elementor-widget elementor-widget-augustine_core_icon_with_text\" data-id=\"2ab2f500\" data-element_type=\"widget\" data-widget_type=\"augustine_core_icon_with_text.default\">\n\t\t\t\t<div class=\"elementor-widget-container\">\n\t\t\t<div class=\"qodef-shortcode qodef-m  qodef-icon-with-text qodef-layout--before-content qodef--icon-pack \">\n\t<div class=\"qodef-m-icon-wrapper\">\n\t\t<span class=\"qodef-shortcode qodef-m  qodef-icon-holder qodef-size--default qodef-layout--normal\"  >\t        <span class=\"qodef-icon-linea-icons icon-basic-mail qodef-icon qodef-e\" style=\"color: #0B6354;font-size: 25px\" ><\/span>    <\/span>\t<\/div>\n\t<div class=\"qodef-m-content\">\n\t\t\t\t\t<\/div>\n<\/div>\t\t<\/div>\n\t\t\t\t<\/div>\n\t\t\t\t<div class=\"elementor-element elementor-element-55e5c420 elementor-widget__width-initial elementor-widget-mobile__width-initial elementor-widget elementor-widget-text-editor\" data-id=\"55e5c420\" data-element_type=\"widget\" data-widget_type=\"text-editor.default\">\n\t\t\t\t<div class=\"elementor-widget-container\">\n\t\t\t\t\t\t\t<p><span style=\"color: #505050;\"><a href=\"mailto:info@angelsvillas.com\">info@angelsvillas.com<\/a> <a href=\"mailto:info@angelsinparos.com\">info@angelsinparos.com<\/a><\/span><\/p>\t\t\t\t\t\t<\/div>\n\t\t\t\t<\/div>\n\t\t\t\t<div class=\"elementor-element elementor-element-b21521d elementor-widget__width-initial elementor-widget-tablet__width-initial elementor-widget elementor-widget-text-editor\" data-id=\"b21521d\" data-element_type=\"widget\" data-widget_type=\"text-editor.default\">\n\t\t\t\t<div class=\"elementor-widget-container\">\n\t\t\t\t\t\t\t<p><strong>Contactar a los siguientes n\u00fameros<\/strong><br \/>Tel\u00e9fono: (+30) 22840 51858 para informaci\u00f3n o reservas.<br \/>Mobil: (+30) 6982 924459<br \/>Estancia m\u00ednima de 4 noches<br \/><strong>Open<\/strong>: Angels Villas permanece abierto de mayo a octubre<\/p>\t\t\t\t\t\t<\/div>\n\t\t\t\t<\/div>\n\t\t\t\t\t<\/div>\n\t\t<\/div>\n\t\t\t\t\t\t\t<\/div>\n\t\t<\/section>\n\t\t\t\t\t<\/div>\n\t\t<\/div>\n\t\t\t\t<div class=\"elementor-column elementor-col-50 elementor-top-column elementor-element elementor-element-9d813ef\" data-id=\"9d813ef\" data-element_type=\"column\">\n\t\t\t<div class=\"elementor-widget-wrap elementor-element-populated\">\n\t\t\t\t\t\t\t\t<div class=\"elementor-element elementor-element-8368965 elementor-widget elementor-widget-augustine_core_section_title\" data-id=\"8368965\" data-element_type=\"widget\" data-widget_type=\"augustine_core_section_title.default\">\n\t\t\t\t<div class=\"elementor-widget-container\">\n\t\t\t<div class=\"qodef-shortcode qodef-m  qodef-section-title qodef-alignment--left    qodef-separator-appear \">\n\t\t\t<p class=\"qodef-m-subtitle\" >Formulario de reservaci\u00f3n<\/p>\n\t\t<h4 class=\"qodef-m-title\" style=\"margin-top: -5px\">\n\t\t\t\t\tPreguntar antes de Reservar\t\t\t<\/h4>\n\t\t<\/div>\t\t<\/div>\n\t\t\t\t<\/div>\n\t\t\t\t<div class=\"elementor-element elementor-element-614a1cb7 elementor-widget elementor-widget-shortcode\" data-id=\"614a1cb7\" data-element_type=\"widget\" data-widget_type=\"shortcode.default\">\n\t\t\t\t<div class=\"elementor-widget-container\">\n\t\t\t\t\t<div class=\"elementor-shortcode\">\n<div class=\"wpcf7 no-js\" id=\"wpcf7-f947-o1\" lang=\"en-US\" dir=\"ltr\" data-wpcf7-id=\"947\">\n<div class=\"screen-reader-response\"><p role=\"status\" aria-live=\"polite\" aria-atomic=\"true\"><\/p> <ul><\/ul><\/div>\n<form action=\"\/es\/wp-json\/wp\/v2\/pages\/19809#wpcf7-f947-o1\" method=\"post\" class=\"wpcf7-form init\" aria-label=\"Contact form\" novalidate=\"novalidate\" data-status=\"init\">\n<div style=\"display: none;\">\n<input type=\"hidden\" name=\"_wpcf7\" value=\"947\" \/>\n<input type=\"hidden\" name=\"_wpcf7_version\" value=\"6.0.6\" \/>\n<input type=\"hidden\" name=\"_wpcf7_locale\" value=\"en_US\" \/>\n<input type=\"hidden\" name=\"_wpcf7_unit_tag\" value=\"wpcf7-f947-o1\" \/>\n<input type=\"hidden\" name=\"_wpcf7_container_post\" value=\"0\" \/>\n<input type=\"hidden\" name=\"_wpcf7_posted_data_hash\" value=\"\" \/>\n<input type=\"hidden\" name=\"_wpcf7_recaptcha_response\" value=\"\" \/>\n<\/div>\n<div class=\"qodef-grid qodef-layout--template qodef-cf-contact-us\">\n<div class=\"qodef-grid-inner\">\n<div class=\"qodef-grid-item qodef-col--12\">\n<span class=\"wpcf7-form-control-wrap\" data-name=\"your-message\"><textarea cols=\"40\" rows=\"10\" maxlength=\"2000\" class=\"wpcf7-form-control wpcf7-textarea\" aria-invalid=\"false\" placeholder=\"Message...\" name=\"your-message\"><\/textarea><\/span>\n<\/div>\n<div class=\"qodef-grid-item qodef-col--12\">\n<span class=\"wpcf7-form-control-wrap\" data-name=\"your-name\"><input size=\"40\" maxlength=\"400\" class=\"wpcf7-form-control wpcf7-text wpcf7-validates-as-required\" aria-required=\"true\" aria-invalid=\"false\" placeholder=\"Your name...\" value=\"\" type=\"text\" name=\"your-name\" \/><\/span>\n<\/div>\n<div class=\"qodef-grid-item qodef-col--12\">\n<span class=\"wpcf7-form-control-wrap\" data-name=\"your-email\"><input size=\"40\" maxlength=\"400\" class=\"wpcf7-form-control wpcf7-email wpcf7-validates-as-required wpcf7-text wpcf7-validates-as-email\" aria-required=\"true\" aria-invalid=\"false\" placeholder=\"Type your email...\" value=\"\" type=\"email\" name=\"your-email\" \/><\/span>\n<\/div>\n<div class=\"qodef-grid-item qodef-col--12\">\n<span class=\"wpcf7-form-control-wrap\" data-name=\"checkbox-388\"><span class=\"wpcf7-form-control wpcf7-checkbox\"><span class=\"wpcf7-list-item first last\"><input type=\"checkbox\" name=\"checkbox-388[]\" value=\"I agree to the terms &amp; conditions\" \/><span class=\"wpcf7-list-item-label\">I agree to the terms &amp; conditions<\/span><\/span><\/span><\/span>\n<\/div>\n\n<div class=\"qodef-grid-item qodef-col--12\" style=\"text-align: left;\">\n<button class=\"wpcf7-form-control wpcf7-submit qodef-layout--outlined qodef-margin-18 qodef-button qodef-size--normal qodef-type--outlined qodef-m\" type=\"submit\"><span class=\"qodef-m-text\">Submit<\/span><\/button>\n<\/div>\n<\/div>\n<\/div><div class=\"wpcf7-response-output\" aria-hidden=\"true\"><\/div>\n<\/form>\n<\/div>\n<\/div>\n\t\t\t\t<\/div>\n\t\t\t\t<\/div>\n\t\t\t\t\t<\/div>\n\t\t<\/div>\n\t\t\t\t\t\t\t<\/div>\n\t\t<\/section>\n\t\t\t\t<section class=\"elementor-section elementor-top-section elementor-element elementor-element-d0a10cb elementor-section-boxed elementor-section-height-default elementor-section-height-default qodef-elementor-content-no\" data-id=\"d0a10cb\" data-element_type=\"section\">\n\t\t\t\t\t\t<div class=\"elementor-container elementor-column-gap-default\">\n\t\t\t\t\t<div class=\"elementor-column elementor-col-50 elementor-top-column elementor-element elementor-element-b140f03\" data-id=\"b140f03\" data-element_type=\"column\">\n\t\t\t<div class=\"elementor-widget-wrap elementor-element-populated\">\n\t\t\t\t\t\t\t\t<div class=\"elementor-element elementor-element-06cd6a2 elementor-widget__width-initial elementor-widget-tablet__width-initial elementor-widget elementor-widget-text-editor\" data-id=\"06cd6a2\" data-element_type=\"widget\" data-widget_type=\"text-editor.default\">\n\t\t\t\t<div class=\"elementor-widget-container\">\n\t\t\t\t\t\t\t<h5>Informaci\u00f3n \u00fatil<\/h5>\t\t\t\t\t\t<\/div>\n\t\t\t\t<\/div>\n\t\t\t\t<div class=\"elementor-element elementor-element-9fc5ea0 elementor-widget__width-initial elementor-widget-tablet__width-initial elementor-widget elementor-widget-text-editor\" data-id=\"9fc5ea0\" data-element_type=\"widget\" data-widget_type=\"text-editor.default\">\n\t\t\t\t<div class=\"elementor-widget-container\">\n\t\t\t\t\t\t\t<ul><li>Estancia m\u00ednima de 4 noches<\/li><li>Los precios contemplan el alojamiento de 4 personas por villa y noche. Por cada persona adicional en las villas Thalassa (m\u00e1x. 5 personas) y Medusa (m\u00e1x. 6 personas), habr\u00e1 un cargo extra de 50 euros por noche.<\/li><li>El transporte desde y hacia el puerto\/aeropuerto corre a cargo del cliente<\/li><\/ul><p><strong>Llegadas:<\/strong>14:30-20:00<br \/>En caso contrario, avise a la direcci\u00f3n con tiempo, as\u00ed podremos ofrecerle nuestro mejor servicio. La Recepci\u00f3n no est\u00e1 abierta de forma continua.<br \/><strong>Salidas:<\/strong> 12:00 del mediod\u00eda<br \/>Si desea prorrogar su estancia, hay un coste adicional de 50%<\/p><ul><li>Para estancias posteriores a las 18:00, se cobra el precio habitual por noche<\/li><li>Pool bar<\/li><li>Las mascotas no est\u00e1n permitidas<\/li><li>El complejo est\u00e1 abierto de mayo a octubre<\/li><\/ul>\t\t\t\t\t\t<\/div>\n\t\t\t\t<\/div>\n\t\t\t\t\t<\/div>\n\t\t<\/div>\n\t\t\t\t<div class=\"elementor-column elementor-col-50 elementor-top-column elementor-element elementor-element-740351c\" data-id=\"740351c\" data-element_type=\"column\">\n\t\t\t<div class=\"elementor-widget-wrap elementor-element-populated\">\n\t\t\t\t\t\t\t\t<div class=\"elementor-element elementor-element-c784f76 elementor-widget__width-initial elementor-widget-tablet__width-initial elementor-widget elementor-widget-text-editor\" data-id=\"c784f76\" data-element_type=\"widget\" data-widget_type=\"text-editor.default\">\n\t\t\t\t<div class=\"elementor-widget-container\">\n\t\t\t\t\t\t\t<h5>Cuentas Bancarias<\/h5>\t\t\t\t\t\t<\/div>\n\t\t\t\t<\/div>\n\t\t\t\t<div class=\"elementor-element elementor-element-f06d899 elementor-widget__width-initial elementor-widget-tablet__width-initial elementor-widget elementor-widget-text-editor\" data-id=\"f06d899\" data-element_type=\"widget\" data-widget_type=\"text-editor.default\">\n\t\t\t\t<div class=\"elementor-widget-container\">\n\t\t\t\t\t\t\t<p><strong>Nombre del beneficiario<\/strong>: LANGIOTIS S.A.<\/p><p><u>PIREAUS BANK:<\/u><br \/>BIC\/SWIFT: PIRBGRAAXXX<br \/>IBAN: GR58 0172 2480 0052 4803 4024 642<br \/>EURO A\/C No: 5248-034024-642<\/p><p><u>ALPHA BANK:<\/u><br \/>BIC\/SWIFT: CRBAGRAAXXXIBAN: GR 66 0140 8500 8500 0200 2007 755<br \/>EURO A\/C No: 850-00-2002-007755<\/p><p><u>EUROBANK:<\/u><br \/>BIC\/SWIFT: ERBKGRAA<br \/>IBAN: GR 62 0260 1970 0008 9020 0371 686<br \/>EURO A\/C No: 0026 019789 0200371 686<\/p>\t\t\t\t\t\t<\/div>\n\t\t\t\t<\/div>\n\t\t\t\t\t<\/div>\n\t\t<\/div>\n\t\t\t\t\t\t\t<\/div>\n\t\t<\/section>\n\t\t\t\t\t\t\t<\/div>\n\t\t","protected":false},"excerpt":{"rendered":"<p>Ponerse en Contacto El amor y la pasi\u00f3n hacia lo que hacemos, as\u00ed como nuestra experiencia y discreci\u00f3n, le garantiza unas vacaciones inolvidables. Kolimpithres, ZIP:84401Naousa Paros, Grecia info@angelsvillas.com info@angelsinparos.com Contactar a los siguientes n\u00famerosTel\u00e9fono: (+30) 22840 51858 para informaci\u00f3n o reservas.Mobil: (+30) 6982 924459Estancia m\u00ednima de 4 nochesOpen: Angels Villas permanece abierto de mayo a [&hellip;]<\/p>\n","protected":false},"author":1,"featured_media":0,"parent":0,"menu_order":0,"comment_status":"closed","ping_status":"closed","template":"page-full-width.php","meta":{"footnotes":""},"class_list":["post-19809","page","type-page","status-publish","hentry"],"_links":{"self":[{"href":"https:\/\/angelsvillas.com\/es\/wp-json\/wp\/v2\/pages\/19809","targetHints":{"allow":["GET"]}}],"collection":[{"href":"https:\/\/angelsvillas.com\/es\/wp-json\/wp\/v2\/pages"}],"about":[{"href":"https:\/\/angelsvillas.com\/es\/wp-json\/wp\/v2\/types\/page"}],"author":[{"embeddable":true,"href":"https:\/\/angelsvillas.com\/es\/wp-json\/wp\/v2\/users\/1"}],"replies":[{"embeddable":true,"href":"https:\/\/angelsvillas.com\/es\/wp-json\/wp\/v2\/comments?post=19809"}],"version-history":[{"count":11,"href":"https:\/\/angelsvillas.com\/es\/wp-json\/wp\/v2\/pages\/19809\/revisions"}],"predecessor-version":[{"id":20414,"href":"https:\/\/angelsvillas.com\/es\/wp-json\/wp\/v2\/pages\/19809\/revisions\/20414"}],"wp:attachment":[{"href":"https:\/\/angelsvillas.com\/es\/wp-json\/wp\/v2\/media?parent=19809"}],"curies":[{"name":"wp","href":"https:\/\/api.w.org\/{rel}","templated":true}]}}