{"id":19233,"date":"2022-12-07T15:07:25","date_gmt":"2022-12-07T15:07:25","guid":{"rendered":"https:\/\/angelsvillas.com\/paros\/access\/"},"modified":"2023-04-25T09:49:29","modified_gmt":"2023-04-25T09:49:29","slug":"access","status":"publish","type":"page","link":"https:\/\/angelsvillas.com\/fr\/paros\/access\/","title":{"rendered":"Acc\u00e8s"},"content":{"rendered":"\t\t<div data-elementor-type=\"wp-page\" data-elementor-id=\"19233\" class=\"elementor elementor-19233 elementor-13663\">\n\t\t\t\t\t\t\t\t\t<section class=\"elementor-section elementor-top-section elementor-element elementor-element-269c446 elementor-section-boxed elementor-section-height-default elementor-section-height-default qodef-elementor-content-no\" data-id=\"269c446\" data-element_type=\"section\">\n\t\t\t\t\t\t<div class=\"elementor-container elementor-column-gap-default\">\n\t\t\t\t\t<div class=\"elementor-column elementor-col-100 elementor-top-column elementor-element elementor-element-429e7668\" data-id=\"429e7668\" data-element_type=\"column\">\n\t\t\t<div class=\"elementor-widget-wrap elementor-element-populated\">\n\t\t\t\t\t\t\t\t<div class=\"elementor-element elementor-element-2134725d elementor-widget elementor-widget-augustine_core_section_title\" data-id=\"2134725d\" data-element_type=\"widget\" data-widget_type=\"augustine_core_section_title.default\">\n\t\t\t\t<div class=\"elementor-widget-container\">\n\t\t\t<div class=\"qodef-shortcode qodef-m  qodef-section-title qodef-alignment--left  qodef-title-appear qodef-title-alt-appear  \">\n\t\t\t\t<h1 class=\"qodef-m-title\" >\n\t\t\t\t\tComment nous joindre\t\t\t<\/h1>\n\t\t<\/div>\t\t<\/div>\n\t\t\t\t<\/div>\n\t\t\t\t<div class=\"elementor-element elementor-element-64dc84c elementor-widget elementor-widget-text-editor\" data-id=\"64dc84c\" data-element_type=\"widget\" data-widget_type=\"text-editor.default\">\n\t\t\t\t<div class=\"elementor-widget-container\">\n\t\t\t<style>\/*! elementor - v3.8.1 - 13-11-2022 *\/\n.elementor-widget-text-editor.elementor-drop-cap-view-stacked .elementor-drop-cap{background-color:#818a91;color:#fff}.elementor-widget-text-editor.elementor-drop-cap-view-framed .elementor-drop-cap{color:#818a91;border:3px solid;background-color:transparent}.elementor-widget-text-editor:not(.elementor-drop-cap-view-default) .elementor-drop-cap{margin-top:8px}.elementor-widget-text-editor:not(.elementor-drop-cap-view-default) .elementor-drop-cap-letter{width:1em;height:1em}.elementor-widget-text-editor .elementor-drop-cap{float:left;text-align:center;line-height:1;font-size:50px}.elementor-widget-text-editor .elementor-drop-cap-letter{display:inline-block}<\/style>\t\t\t\t<p>Vous pouvez choisir de voler jusqu&rsquo;\u00e0 l&rsquo;\u00eele ou de vous rendre \u00e0 Paros en ferry.<\/p>\n<h5>En bateau<\/h5>\n<p>Voyager d&rsquo;Ath\u00e8nes (Le Pir\u00e9e) \u00e0 Paros en ferry ou en bateau \u00e0 grande vitesse. Bateaux \u00e0 grande vitesse et ferries depuis les ports du Pir\u00e9e et de Rafina (cliquez sur les liens ci-dessous):<\/p>\n<ul>\n<li><a href=\"https:\/\/www.olp.gr\/en\/\" target=\"_blank\" rel=\"noopener\">Port du Pir\u00e9e<\/a><\/li>\n<li><a href=\"https:\/\/www.rafinaport.gr\/\" target=\"_blank\" rel=\"noopener\">Port de Raf\u00edna<\/a><\/li>\n<li><a href=\"https:\/\/www.bluestarferries.com\/en-gb\" target=\"_blank\" rel=\"noopener\">BlueStar Ferries<\/a><\/li>\n<li><a href=\"https:\/\/www.hellenicseaways.gr\/en-gb\" target=\"_blank\" rel=\"noopener\">Hellenic Seaways Pir\u00e9e \/ Rafina<\/a><\/li>\n<li><a href=\"https:\/\/www.seajets.com\/\" target=\"_blank\" rel=\"noopener\">Sea Jet Rafina<\/a><\/li>\n<\/ul>\n<h5>En avion<\/h5>\n<p>Voyager d&rsquo;Ath\u00e8nes \u00e0 Paros en avion. Vols de l&rsquo;a\u00e9roport d&rsquo;Ath\u00e8nes \u00ab\u00a0Eleftherios Venizelos\u00a0\u00bb \u00e0 Paros, (cliquez sur les liens ci-dessous)<\/p>\n<ul>\n<li><a href=\"https:\/\/www.aia.gr\/traveler\/\" target=\"_blank\" rel=\"noopener\">A\u00e9roport d&rsquo;Ath\u00e8nes<\/a><\/li>\n<li><a href=\"https:\/\/www.olympicair.com\/\" target=\"_blank\" rel=\"noopener\">Olympic Airways<\/a><\/li>\n<\/ul>\n<p>Voyager de Paros \u00e0 Ath\u00e8nes en ferry, en bateau \u00e0 grande vitesse ou en avion<\/p>\n<h5>Retour en Bateau<\/h5>\n<p>Voyager de Paros aux ports du Pir\u00e9e et de Rafina en bateaux \u00e0 grande vitesse et en ferries (cliquez sur les liens ci-dessous):<\/p>\n<ul>\n<li><a href=\"https:\/\/www.paros.gr\/en\/\" target=\"_blank\" rel=\"noopener\">Port de Paros<\/a><\/li>\n<li><a href=\"https:\/\/www.hellenicseaways.gr\/en-gb\" target=\"_blank\" rel=\"noopener\">Hellenic Seaways Paros<\/a><\/li>\n<li><a href=\"https:\/\/www.seajets.com\/\" target=\"_blank\" rel=\"noopener\">Sea Jet Paros<\/a><\/li>\n<\/ul>\n<h5>Retour en Avion<\/h5>\n<p>Vols de Paros \u00e0 Ath\u00e8nes (cliquez sur les liens ci-dessous):<\/p>\n<ul>\n<li><a href=\"http:\/\/www.ypa.gr\/en\/our-airports\/kratikos-aerolimenas-paroy-kapa\" target=\"_blank\" rel=\"noopener\">A\u00e9roport de Paros<\/a><\/li>\n<li><a href=\"https:\/\/www.olympicair.com\/\" target=\"_blank\" rel=\"noopener\">Olympic Airways Paros<\/a><\/li>\n<\/ul>\n<h5>Plus d&rsquo;information<\/h5>\n<ul>\n<li><a href=\"https:\/\/en.aegeanair.com\/?_ga=2.161140733.1909137197.1670494393-6743326.1670494391\" target=\"_blank\" rel=\"noopener\">Aegean Airlines<\/a><\/li>\n<li><a href=\"https:\/\/www.bluestarferries.com\/en-gb\" target=\"_blank\" rel=\"noopener\">BlueStar Ferries<\/a><\/li>\n<li><a href=\"http:\/\/www.openseas.gr\/\" target=\"_blank\" rel=\"noopener\">Open Seas<\/a><\/li>\n<li><a href=\"https:\/\/www.airtickets.com\/\" target=\"_blank\" rel=\"noopener\">Airtickets<\/a><\/li>\n<li><a href=\"https:\/\/www.easyjet.com\/en\" target=\"_blank\" rel=\"noopener\">Easyjet<\/a><\/li>\n<\/ul>\t\t\t\t\t\t<\/div>\n\t\t\t\t<\/div>\n\t\t\t\t\t<\/div>\n\t\t<\/div>\n\t\t\t\t\t\t\t<\/div>\n\t\t<\/section>\n\t\t\t\t<section class=\"elementor-section elementor-top-section elementor-element elementor-element-a7a43ff qodef-elementor-content-grid elementor-hidden-desktop elementor-hidden-tablet elementor-hidden-mobile elementor-section-boxed elementor-section-height-default elementor-section-height-default\" data-id=\"a7a43ff\" data-element_type=\"section\">\n\t\t\t\t\t\t<div class=\"elementor-container elementor-column-gap-default\">\n\t\t\t\t\t<div class=\"elementor-column elementor-col-50 elementor-top-column elementor-element elementor-element-e564ffb\" data-id=\"e564ffb\" data-element_type=\"column\">\n\t\t\t<div class=\"elementor-widget-wrap elementor-element-populated\">\n\t\t\t\t\t\t\t\t<div class=\"elementor-element elementor-element-b0e5457 elementor-widget elementor-widget-augustine_core_image_with_text\" data-id=\"b0e5457\" data-element_type=\"widget\" data-widget_type=\"augustine_core_image_with_text.default\">\n\t\t\t\t<div class=\"elementor-widget-container\">\n\t\t\t<div class=\"qodef-shortcode qodef-m  qodef-image-with-text qodef-layout--text-below   \">\n\t<div class=\"qodef-m-image\">\n                                            <img decoding=\"async\" width=\"800\" height=\"1114\" src=\"https:\/\/angelsvillas.com\/wp-content\/uploads\/2020\/12\/inner-img12.jpg\" class=\"attachment-full size-full\" alt=\"s\" srcset=\"https:\/\/angelsvillas.com\/wp-content\/uploads\/2020\/12\/inner-img12.jpg 800w, https:\/\/angelsvillas.com\/wp-content\/uploads\/2020\/12\/inner-img12-600x836.jpg 600w, https:\/\/angelsvillas.com\/wp-content\/uploads\/2020\/12\/inner-img12-215x300.jpg 215w, https:\/\/angelsvillas.com\/wp-content\/uploads\/2020\/12\/inner-img12-735x1024.jpg 735w, https:\/\/angelsvillas.com\/wp-content\/uploads\/2020\/12\/inner-img12-768x1069.jpg 768w\" sizes=\"(max-width: 800px) 100vw, 800px\" \/>\n                                            <\/div>\t<div class=\"qodef-m-content\">\n\t\t\t<div class=\"qodef-m-subtitle\" >\n        sightseeing\t<\/div>\n\t\t\t<h4 class=\"qodef-m-title\" style=\"margin-top: 5px\">\n\t\t\t\t\tEnjoy the tradition\t\t\t<\/h4>\n\t\t\t<p class=\"qodef-m-text\" >Dictum varius duis at consectetur lorem donec massa sapien faucibus. Tincidunt arcu non sodales neque sodales ut etiam sit amet. Enim nulla aliquet porttitor lacus luctus accumsan. Eget magna fermentum iaculis eu non diam phasellus vestibulum. Dui faucibus in ornare quam viverra. Pretium quam vulputate dignissim suspendisse in est. \n<\/p>\n\t<\/div>\n<\/div>\t\t<\/div>\n\t\t\t\t<\/div>\n\t\t\t\t\t<\/div>\n\t\t<\/div>\n\t\t\t\t<div class=\"elementor-column elementor-col-50 elementor-top-column elementor-element elementor-element-df2acdd\" data-id=\"df2acdd\" data-element_type=\"column\">\n\t\t\t<div class=\"elementor-widget-wrap elementor-element-populated\">\n\t\t\t\t\t\t\t\t<div class=\"elementor-element elementor-element-a9f0e4c elementor-widget elementor-widget-augustine_core_image_with_text\" data-id=\"a9f0e4c\" data-element_type=\"widget\" data-widget_type=\"augustine_core_image_with_text.default\">\n\t\t\t\t<div class=\"elementor-widget-container\">\n\t\t\t<div class=\"qodef-shortcode qodef-m  qodef-image-with-text qodef-layout--text-below   \">\n\t<div class=\"qodef-m-image\">\n                                            <img decoding=\"async\" width=\"800\" height=\"1114\" src=\"https:\/\/angelsvillas.com\/wp-content\/uploads\/2020\/12\/inner-img23.jpg\" class=\"attachment-full size-full\" alt=\"s\" srcset=\"https:\/\/angelsvillas.com\/wp-content\/uploads\/2020\/12\/inner-img23.jpg 800w, https:\/\/angelsvillas.com\/wp-content\/uploads\/2020\/12\/inner-img23-600x836.jpg 600w, https:\/\/angelsvillas.com\/wp-content\/uploads\/2020\/12\/inner-img23-215x300.jpg 215w, https:\/\/angelsvillas.com\/wp-content\/uploads\/2020\/12\/inner-img23-735x1024.jpg 735w, https:\/\/angelsvillas.com\/wp-content\/uploads\/2020\/12\/inner-img23-768x1069.jpg 768w\" sizes=\"(max-width: 800px) 100vw, 800px\" \/>\n                                            <\/div>\t<div class=\"qodef-m-content\">\n\t\t\t<div class=\"qodef-m-subtitle\" >\n        sightseeing\t<\/div>\n\t\t\t<h4 class=\"qodef-m-title\" style=\"margin-top: 5px\">\n\t\t\t\t\tExplore the city\t\t\t<\/h4>\n\t\t\t<p class=\"qodef-m-text\" >Dictum varius duis at consectetur lorem donec massa sapien faucibus. Tincidunt arcu non sodales neque sodales ut etiam sit amet. Enim nulla aliquet porttitor lacus luctus accumsan. Eget magna fermentum iaculis eu non diam phasellus vestibulum. Dui faucibus in ornare quam viverra. Pretium quam vulputate dignissim suspendisse in est. \n<\/p>\n\t<\/div>\n<\/div>\t\t<\/div>\n\t\t\t\t<\/div>\n\t\t\t\t\t<\/div>\n\t\t<\/div>\n\t\t\t\t\t\t\t<\/div>\n\t\t<\/section>\n\t\t\t\t<section class=\"elementor-section elementor-top-section elementor-element elementor-element-04ec5dc qodef-elementor-content-grid elementor-hidden-desktop elementor-hidden-tablet elementor-hidden-mobile elementor-section-boxed elementor-section-height-default elementor-section-height-default\" data-id=\"04ec5dc\" data-element_type=\"section\">\n\t\t\t\t\t\t<div class=\"elementor-container elementor-column-gap-default\">\n\t\t\t\t\t<div class=\"elementor-column elementor-col-50 elementor-top-column elementor-element elementor-element-d05c514\" data-id=\"d05c514\" data-element_type=\"column\">\n\t\t\t<div class=\"elementor-widget-wrap elementor-element-populated\">\n\t\t\t\t\t\t\t\t<div class=\"elementor-element elementor-element-7d45995 elementor-widget elementor-widget-augustine_core_image_with_text\" data-id=\"7d45995\" data-element_type=\"widget\" data-widget_type=\"augustine_core_image_with_text.default\">\n\t\t\t\t<div class=\"elementor-widget-container\">\n\t\t\t<div class=\"qodef-shortcode qodef-m  qodef-image-with-text qodef-layout--text-below   \">\n\t<div class=\"qodef-m-image\">\n                                            <img decoding=\"async\" width=\"800\" height=\"1114\" src=\"https:\/\/angelsvillas.com\/wp-content\/uploads\/2020\/12\/inner-img09.jpg\" class=\"attachment-full size-full\" alt=\"s\" srcset=\"https:\/\/angelsvillas.com\/wp-content\/uploads\/2020\/12\/inner-img09.jpg 800w, https:\/\/angelsvillas.com\/wp-content\/uploads\/2020\/12\/inner-img09-600x836.jpg 600w, https:\/\/angelsvillas.com\/wp-content\/uploads\/2020\/12\/inner-img09-215x300.jpg 215w, https:\/\/angelsvillas.com\/wp-content\/uploads\/2020\/12\/inner-img09-735x1024.jpg 735w, https:\/\/angelsvillas.com\/wp-content\/uploads\/2020\/12\/inner-img09-768x1069.jpg 768w\" sizes=\"(max-width: 800px) 100vw, 800px\" \/>\n                                            <\/div>\t<div class=\"qodef-m-content\">\n\t\t\t<div class=\"qodef-m-subtitle\" >\n        sightseeing\t<\/div>\n\t\t\t<h4 class=\"qodef-m-title\" style=\"margin-top: 5px\">\n\t\t\t\t\tRelax moments\t\t\t<\/h4>\n\t\t\t<p class=\"qodef-m-text\" >Dictum varius duis at consectetur lorem donec massa sapien faucibus. Tincidunt arcu non sodales neque sodales ut etiam sit amet. Enim nulla aliquet porttitor lacus luctus accumsan. Eget magna fermentum iaculis eu non diam phasellus vestibulum. Dui faucibus in ornare quam viverra. Pretium quam vulputate dignissim suspendisse in est. \n<\/p>\n\t<\/div>\n<\/div>\t\t<\/div>\n\t\t\t\t<\/div>\n\t\t\t\t\t<\/div>\n\t\t<\/div>\n\t\t\t\t<div class=\"elementor-column elementor-col-50 elementor-top-column elementor-element elementor-element-458321d\" data-id=\"458321d\" data-element_type=\"column\">\n\t\t\t<div class=\"elementor-widget-wrap elementor-element-populated\">\n\t\t\t\t\t\t\t\t<div class=\"elementor-element elementor-element-37a33c1 elementor-widget elementor-widget-augustine_core_image_with_text\" data-id=\"37a33c1\" data-element_type=\"widget\" data-widget_type=\"augustine_core_image_with_text.default\">\n\t\t\t\t<div class=\"elementor-widget-container\">\n\t\t\t<div class=\"qodef-shortcode qodef-m  qodef-image-with-text qodef-layout--text-below   \">\n\t<div class=\"qodef-m-image\">\n                                            <img decoding=\"async\" width=\"800\" height=\"1114\" src=\"https:\/\/angelsvillas.com\/wp-content\/uploads\/2020\/12\/inner-img15.jpg\" class=\"attachment-full size-full\" alt=\"s\" srcset=\"https:\/\/angelsvillas.com\/wp-content\/uploads\/2020\/12\/inner-img15.jpg 800w, https:\/\/angelsvillas.com\/wp-content\/uploads\/2020\/12\/inner-img15-600x836.jpg 600w, https:\/\/angelsvillas.com\/wp-content\/uploads\/2020\/12\/inner-img15-215x300.jpg 215w, https:\/\/angelsvillas.com\/wp-content\/uploads\/2020\/12\/inner-img15-735x1024.jpg 735w, https:\/\/angelsvillas.com\/wp-content\/uploads\/2020\/12\/inner-img15-768x1069.jpg 768w\" sizes=\"(max-width: 800px) 100vw, 800px\" \/>\n                                            <\/div>\t<div class=\"qodef-m-content\">\n\t\t\t<div class=\"qodef-m-subtitle\" >\n        sightseeing\t<\/div>\n\t\t\t<h4 class=\"qodef-m-title\" style=\"margin-top: 5px\">\n\t\t\t\t\tSpa treatments\t\t\t<\/h4>\n\t\t\t<p class=\"qodef-m-text\" >Dictum varius duis at consectetur lorem donec massa sapien faucibus. Tincidunt arcu non sodales neque sodales ut etiam sit amet. Enim nulla aliquet porttitor lacus luctus accumsan. Eget magna fermentum iaculis eu non diam phasellus vestibulum. Dui faucibus in ornare quam viverra. Pretium quam vulputate dignissim suspendisse in est. \n<\/p>\n\t<\/div>\n<\/div>\t\t<\/div>\n\t\t\t\t<\/div>\n\t\t\t\t\t<\/div>\n\t\t<\/div>\n\t\t\t\t\t\t\t<\/div>\n\t\t<\/section>\n\t\t\t\t<section class=\"elementor-section elementor-top-section elementor-element elementor-element-e6c6a96 qodef-elementor-content-grid elementor-hidden-desktop elementor-hidden-tablet elementor-hidden-mobile elementor-section-boxed elementor-section-height-default elementor-section-height-default\" data-id=\"e6c6a96\" data-element_type=\"section\">\n\t\t\t\t\t\t<div class=\"elementor-container elementor-column-gap-default\">\n\t\t\t\t\t<div class=\"elementor-column elementor-col-50 elementor-top-column elementor-element elementor-element-dc89d54\" data-id=\"dc89d54\" data-element_type=\"column\">\n\t\t\t<div class=\"elementor-widget-wrap elementor-element-populated\">\n\t\t\t\t\t\t\t\t<div class=\"elementor-element elementor-element-6a97c0a elementor-widget elementor-widget-augustine_core_image_with_text\" data-id=\"6a97c0a\" data-element_type=\"widget\" data-widget_type=\"augustine_core_image_with_text.default\">\n\t\t\t\t<div class=\"elementor-widget-container\">\n\t\t\t<div class=\"qodef-shortcode qodef-m  qodef-image-with-text qodef-layout--text-below   \">\n\t<div class=\"qodef-m-image\">\n                                            <img decoding=\"async\" width=\"800\" height=\"1114\" src=\"https:\/\/angelsvillas.com\/wp-content\/uploads\/2020\/12\/inner-img14.jpg\" class=\"attachment-full size-full\" alt=\"s\" srcset=\"https:\/\/angelsvillas.com\/wp-content\/uploads\/2020\/12\/inner-img14.jpg 800w, https:\/\/angelsvillas.com\/wp-content\/uploads\/2020\/12\/inner-img14-600x836.jpg 600w, https:\/\/angelsvillas.com\/wp-content\/uploads\/2020\/12\/inner-img14-215x300.jpg 215w, https:\/\/angelsvillas.com\/wp-content\/uploads\/2020\/12\/inner-img14-735x1024.jpg 735w, https:\/\/angelsvillas.com\/wp-content\/uploads\/2020\/12\/inner-img14-768x1069.jpg 768w\" sizes=\"(max-width: 800px) 100vw, 800px\" \/>\n                                            <\/div>\t<div class=\"qodef-m-content\">\n\t\t\t<div class=\"qodef-m-subtitle\" >\n        sightseeing\t<\/div>\n\t\t\t<h4 class=\"qodef-m-title\" style=\"margin-top: 5px\">\n\t\t\t\t\tSpa treatments\t\t\t<\/h4>\n\t\t\t<p class=\"qodef-m-text\" >Dictum varius duis at consectetur lorem donec massa sapien faucibus. Tincidunt arcu non sodales neque sodales ut etiam sit amet. Enim nulla aliquet porttitor lacus luctus accumsan. Eget magna fermentum iaculis eu non diam phasellus vestibulum. Dui faucibus in ornare quam viverra. Pretium quam vulputate dignissim suspendisse in est. \n<\/p>\n\t<\/div>\n<\/div>\t\t<\/div>\n\t\t\t\t<\/div>\n\t\t\t\t\t<\/div>\n\t\t<\/div>\n\t\t\t\t<div class=\"elementor-column elementor-col-50 elementor-top-column elementor-element elementor-element-e579d2a\" data-id=\"e579d2a\" data-element_type=\"column\">\n\t\t\t<div class=\"elementor-widget-wrap elementor-element-populated\">\n\t\t\t\t\t\t\t\t<div class=\"elementor-element elementor-element-85dfe01 elementor-widget elementor-widget-augustine_core_image_with_text\" data-id=\"85dfe01\" data-element_type=\"widget\" data-widget_type=\"augustine_core_image_with_text.default\">\n\t\t\t\t<div class=\"elementor-widget-container\">\n\t\t\t<div class=\"qodef-shortcode qodef-m  qodef-image-with-text qodef-layout--text-below   \">\n\t<div class=\"qodef-m-image\">\n                                            <img decoding=\"async\" width=\"800\" height=\"1114\" src=\"https:\/\/angelsvillas.com\/wp-content\/uploads\/2020\/12\/inner-img04.jpg\" class=\"attachment-full size-full\" alt=\"s\" srcset=\"https:\/\/angelsvillas.com\/wp-content\/uploads\/2020\/12\/inner-img04.jpg 800w, https:\/\/angelsvillas.com\/wp-content\/uploads\/2020\/12\/inner-img04-600x836.jpg 600w, https:\/\/angelsvillas.com\/wp-content\/uploads\/2020\/12\/inner-img04-215x300.jpg 215w, https:\/\/angelsvillas.com\/wp-content\/uploads\/2020\/12\/inner-img04-735x1024.jpg 735w, https:\/\/angelsvillas.com\/wp-content\/uploads\/2020\/12\/inner-img04-768x1069.jpg 768w\" sizes=\"(max-width: 800px) 100vw, 800px\" \/>\n                                            <\/div>\t<div class=\"qodef-m-content\">\n\t\t\t<div class=\"qodef-m-subtitle\" >\n        sightseeing\t<\/div>\n\t\t\t<h4 class=\"qodef-m-title\" style=\"margin-top: 5px\">\n\t\t\t\t\tKids activities\t\t\t<\/h4>\n\t\t\t<p class=\"qodef-m-text\" >Dictum varius duis at consectetur lorem donec massa sapien faucibus. Tincidunt arcu non sodales neque sodales ut etiam sit amet. Enim nulla aliquet porttitor lacus luctus accumsan. Eget magna fermentum iaculis eu non diam phasellus vestibulum. Dui faucibus in ornare quam viverra. Pretium quam vulputate dignissim suspendisse in est. \n<\/p>\n\t<\/div>\n<\/div>\t\t<\/div>\n\t\t\t\t<\/div>\n\t\t\t\t\t<\/div>\n\t\t<\/div>\n\t\t\t\t\t\t\t<\/div>\n\t\t<\/section>\n\t\t\t\t<section class=\"elementor-section elementor-top-section elementor-element elementor-element-dc83352 elementor-section-boxed elementor-section-height-default elementor-section-height-default qodef-elementor-content-no\" data-id=\"dc83352\" data-element_type=\"section\">\n\t\t\t\t\t\t<div class=\"elementor-container elementor-column-gap-default\">\n\t\t\t\t\t<div class=\"elementor-column elementor-col-100 elementor-top-column elementor-element elementor-element-b834b98\" data-id=\"b834b98\" data-element_type=\"column\">\n\t\t\t<div class=\"elementor-widget-wrap\">\n\t\t\t\t\t\t\t\t\t<\/div>\n\t\t<\/div>\n\t\t\t\t\t\t\t<\/div>\n\t\t<\/section>\n\t\t\t\t\t\t\t<\/div>\n\t\t","protected":false},"excerpt":{"rendered":"<p>Comment nous joindre Vous pouvez choisir de voler jusqu&rsquo;\u00e0 l&rsquo;\u00eele ou de vous rendre \u00e0 Paros en ferry. En bateau Voyager d&rsquo;Ath\u00e8nes (Le Pir\u00e9e) \u00e0 Paros en ferry ou en bateau \u00e0 grande vitesse. Bateaux \u00e0 grande vitesse et ferries depuis les ports du Pir\u00e9e et de Rafina (cliquez sur les liens ci-dessous): Port du [&hellip;]<\/p>\n","protected":false},"author":1,"featured_media":0,"parent":19219,"menu_order":0,"comment_status":"closed","ping_status":"closed","template":"page-full-width.php","meta":{"footnotes":""},"class_list":["post-19233","page","type-page","status-publish","hentry"],"_links":{"self":[{"href":"https:\/\/angelsvillas.com\/fr\/wp-json\/wp\/v2\/pages\/19233","targetHints":{"allow":["GET"]}}],"collection":[{"href":"https:\/\/angelsvillas.com\/fr\/wp-json\/wp\/v2\/pages"}],"about":[{"href":"https:\/\/angelsvillas.com\/fr\/wp-json\/wp\/v2\/types\/page"}],"author":[{"embeddable":true,"href":"https:\/\/angelsvillas.com\/fr\/wp-json\/wp\/v2\/users\/1"}],"replies":[{"embeddable":true,"href":"https:\/\/angelsvillas.com\/fr\/wp-json\/wp\/v2\/comments?post=19233"}],"version-history":[{"count":10,"href":"https:\/\/angelsvillas.com\/fr\/wp-json\/wp\/v2\/pages\/19233\/revisions"}],"predecessor-version":[{"id":19269,"href":"https:\/\/angelsvillas.com\/fr\/wp-json\/wp\/v2\/pages\/19233\/revisions\/19269"}],"up":[{"embeddable":true,"href":"https:\/\/angelsvillas.com\/fr\/wp-json\/wp\/v2\/pages\/19219"}],"wp:attachment":[{"href":"https:\/\/angelsvillas.com\/fr\/wp-json\/wp\/v2\/media?parent=19233"}],"curies":[{"name":"wp","href":"https:\/\/api.w.org\/{rel}","templated":true}]}}