{"id":19293,"date":"2020-12-02T11:48:17","date_gmt":"2020-12-02T11:48:17","guid":{"rendered":"https:\/\/angelsvillas.com\/activites\/"},"modified":"2023-04-26T09:23:20","modified_gmt":"2023-04-26T09:23:20","slug":"activites","status":"publish","type":"page","link":"https:\/\/angelsvillas.com\/fr\/activites\/","title":{"rendered":"Activit\u00e9s"},"content":{"rendered":"\t\t<div data-elementor-type=\"wp-page\" data-elementor-id=\"19293\" class=\"elementor elementor-19293 elementor-3759\">\n\t\t\t\t\t\t\t\t\t<section class=\"elementor-section elementor-top-section elementor-element elementor-element-269c446 elementor-section-boxed elementor-section-height-default elementor-section-height-default qodef-elementor-content-no\" data-id=\"269c446\" data-element_type=\"section\">\n\t\t\t\t\t\t<div class=\"elementor-container elementor-column-gap-default\">\n\t\t\t\t\t<div class=\"elementor-column elementor-col-100 elementor-top-column elementor-element elementor-element-429e7668\" data-id=\"429e7668\" data-element_type=\"column\">\n\t\t\t<div class=\"elementor-widget-wrap elementor-element-populated\">\n\t\t\t\t\t\t\t\t<div class=\"elementor-element elementor-element-2134725d elementor-widget elementor-widget-augustine_core_section_title\" data-id=\"2134725d\" data-element_type=\"widget\" data-widget_type=\"augustine_core_section_title.default\">\n\t\t\t\t<div class=\"elementor-widget-container\">\n\t\t\t<div class=\"qodef-shortcode qodef-m  qodef-section-title qodef-alignment--left  qodef-title-appear qodef-title-alt-appear  \">\n\t\t\t\t<h1 class=\"qodef-m-title\" >\n\t\t\t\t\tAmusez-vous\t\t\t<\/h1>\n\t\t<\/div>\t\t<\/div>\n\t\t\t\t<\/div>\n\t\t\t\t\t<\/div>\n\t\t<\/div>\n\t\t\t\t\t\t\t<\/div>\n\t\t<\/section>\n\t\t\t\t<section class=\"elementor-section elementor-top-section elementor-element elementor-element-9b2923c qodef-elementor-content-grid elementor-section-full_width elementor-section-height-default elementor-section-height-default\" data-id=\"9b2923c\" data-element_type=\"section\">\n\t\t\t\t\t\t<div class=\"elementor-container elementor-column-gap-default\">\n\t\t\t\t\t<div class=\"elementor-column elementor-col-100 elementor-top-column elementor-element elementor-element-d0abee9\" data-id=\"d0abee9\" data-element_type=\"column\">\n\t\t\t<div class=\"elementor-widget-wrap elementor-element-populated\">\n\t\t\t\t\t\t\t\t<div class=\"elementor-element elementor-element-351db05 elementor-widget elementor-widget-text-editor\" data-id=\"351db05\" data-element_type=\"widget\" data-widget_type=\"text-editor.default\">\n\t\t\t\t<div class=\"elementor-widget-container\">\n\t\t\t<style>\/*! elementor - v3.8.1 - 13-11-2022 *\/\n.elementor-widget-text-editor.elementor-drop-cap-view-stacked .elementor-drop-cap{background-color:#818a91;color:#fff}.elementor-widget-text-editor.elementor-drop-cap-view-framed .elementor-drop-cap{color:#818a91;border:3px solid;background-color:transparent}.elementor-widget-text-editor:not(.elementor-drop-cap-view-default) .elementor-drop-cap{margin-top:8px}.elementor-widget-text-editor:not(.elementor-drop-cap-view-default) .elementor-drop-cap-letter{width:1em;height:1em}.elementor-widget-text-editor .elementor-drop-cap{float:left;text-align:center;line-height:1;font-size:50px}.elementor-widget-text-editor .elementor-drop-cap-letter{display:inline-block}<\/style>\t\t\t\tToutes les activit\u00e9s ci-dessous mentionn\u00e9es peuvent \u00eatre mises en place apr\u00e8s r\u00e9servation. Veuillez nous informer de vos choix soit au moment de la r\u00e9servation de votre s\u00e9jour soit durant ce dernier.\n\t\t\t\t\t\t<\/div>\n\t\t\t\t<\/div>\n\t\t\t\t\t<\/div>\n\t\t<\/div>\n\t\t\t\t\t\t\t<\/div>\n\t\t<\/section>\n\t\t\t\t<section class=\"elementor-section elementor-top-section elementor-element elementor-element-625a3c3c elementor-section-full_width qodef-elementor-content-grid elementor-section-height-default elementor-section-height-default\" data-id=\"625a3c3c\" data-element_type=\"section\">\n\t\t\t\t\t\t<div class=\"elementor-container elementor-column-gap-default\">\n\t\t\t\t\t<div class=\"elementor-column elementor-col-100 elementor-top-column elementor-element elementor-element-67df91d6 elementor-hidden-tablet elementor-hidden-phone\" data-id=\"67df91d6\" data-element_type=\"column\">\n\t\t\t<div class=\"elementor-widget-wrap elementor-element-populated\">\n\t\t\t\t\t\t\t\t<div class=\"elementor-element elementor-element-72779ccc elementor-widget elementor-widget-image\" data-id=\"72779ccc\" data-element_type=\"widget\" data-widget_type=\"image.default\">\n\t\t\t\t<div class=\"elementor-widget-container\">\n\t\t\t<style>\/*! elementor - v3.8.1 - 13-11-2022 *\/\n.elementor-widget-image{text-align:center}.elementor-widget-image a{display:inline-block}.elementor-widget-image a img[src$=\".svg\"]{width:48px}.elementor-widget-image img{vertical-align:middle;display:inline-block}<\/style>\t\t\t\t\t\t\t\t\t\t\t\t<img decoding=\"async\" width=\"1\" height=\"118\" src=\"https:\/\/angelsvillas.com\/wp-content\/uploads\/2020\/11\/Line-86.jpg\" class=\"attachment-large size-large\" alt=\"\" \/>\t\t\t\t\t\t\t\t\t\t\t\t\t\t\t<\/div>\n\t\t\t\t<\/div>\n\t\t\t\t\t<\/div>\n\t\t<\/div>\n\t\t\t\t\t\t\t<\/div>\n\t\t<\/section>\n\t\t\t\t<section class=\"elementor-section elementor-top-section elementor-element elementor-element-a7a43ff qodef-elementor-content-grid elementor-section-boxed elementor-section-height-default elementor-section-height-default\" data-id=\"a7a43ff\" data-element_type=\"section\">\n\t\t\t\t\t\t<div class=\"elementor-container elementor-column-gap-default\">\n\t\t\t\t\t<div class=\"elementor-column elementor-col-50 elementor-top-column elementor-element elementor-element-e564ffb\" data-id=\"e564ffb\" data-element_type=\"column\">\n\t\t\t<div class=\"elementor-widget-wrap elementor-element-populated\">\n\t\t\t\t\t\t\t\t<div class=\"elementor-element elementor-element-b0e5457 elementor-widget elementor-widget-augustine_core_image_with_text\" data-id=\"b0e5457\" data-element_type=\"widget\" data-widget_type=\"augustine_core_image_with_text.default\">\n\t\t\t\t<div class=\"elementor-widget-container\">\n\t\t\t<div class=\"qodef-shortcode qodef-m  qodef-image-with-text qodef-layout--text-below   \">\n\t<div class=\"qodef-m-image\">\n                                            <img decoding=\"async\" width=\"1280\" height=\"800\" src=\"https:\/\/angelsvillas.com\/wp-content\/uploads\/2022\/12\/act_surf.jpg\" class=\"attachment-full size-full\" alt=\"\" srcset=\"https:\/\/angelsvillas.com\/wp-content\/uploads\/2022\/12\/act_surf.jpg 1280w, https:\/\/angelsvillas.com\/wp-content\/uploads\/2022\/12\/act_surf-300x188.jpg 300w, https:\/\/angelsvillas.com\/wp-content\/uploads\/2022\/12\/act_surf-1024x640.jpg 1024w, https:\/\/angelsvillas.com\/wp-content\/uploads\/2022\/12\/act_surf-768x480.jpg 768w, https:\/\/angelsvillas.com\/wp-content\/uploads\/2022\/12\/act_surf-600x375.jpg 600w\" sizes=\"(max-width: 1280px) 100vw, 1280px\" \/>\n                                            <\/div>\t<div class=\"qodef-m-content\">\n\t\t\t<div class=\"qodef-m-subtitle\" >\n        sport &amp; actions\t<\/div>\n\t\t\t<h4 class=\"qodef-m-title\" style=\"margin-top: 5px\">\n\t\t\t\t\tPlanche \u00e0 Voile\t\t\t<\/h4>\n\t\t\t<p class=\"qodef-m-text\" >\n<\/p>\n\t<\/div>\n<\/div>\t\t<\/div>\n\t\t\t\t<\/div>\n\t\t\t\t\t<\/div>\n\t\t<\/div>\n\t\t\t\t<div class=\"elementor-column elementor-col-50 elementor-top-column elementor-element elementor-element-df2acdd\" data-id=\"df2acdd\" data-element_type=\"column\">\n\t\t\t<div class=\"elementor-widget-wrap elementor-element-populated\">\n\t\t\t\t\t\t\t\t<div class=\"elementor-element elementor-element-a9f0e4c elementor-widget elementor-widget-augustine_core_image_with_text\" data-id=\"a9f0e4c\" data-element_type=\"widget\" data-widget_type=\"augustine_core_image_with_text.default\">\n\t\t\t\t<div class=\"elementor-widget-container\">\n\t\t\t<div class=\"qodef-shortcode qodef-m  qodef-image-with-text qodef-layout--text-below   \">\n\t<div class=\"qodef-m-image\">\n                                            <img decoding=\"async\" width=\"1280\" height=\"800\" src=\"https:\/\/angelsvillas.com\/wp-content\/uploads\/2022\/12\/act_ski.jpg\" class=\"attachment-full size-full\" alt=\"\" srcset=\"https:\/\/angelsvillas.com\/wp-content\/uploads\/2022\/12\/act_ski.jpg 1280w, https:\/\/angelsvillas.com\/wp-content\/uploads\/2022\/12\/act_ski-300x188.jpg 300w, https:\/\/angelsvillas.com\/wp-content\/uploads\/2022\/12\/act_ski-1024x640.jpg 1024w, https:\/\/angelsvillas.com\/wp-content\/uploads\/2022\/12\/act_ski-768x480.jpg 768w, https:\/\/angelsvillas.com\/wp-content\/uploads\/2022\/12\/act_ski-600x375.jpg 600w\" sizes=\"(max-width: 1280px) 100vw, 1280px\" \/>\n                                            <\/div>\t<div class=\"qodef-m-content\">\n\t\t\t<div class=\"qodef-m-subtitle\" >\n        sport &amp; actions\t<\/div>\n\t\t\t<h4 class=\"qodef-m-title\" style=\"margin-top: 5px\">\n\t\t\t\t\tSki Nautique\t\t\t<\/h4>\n\t\t\t<p class=\"qodef-m-text\" >\n<\/p>\n\t<\/div>\n<\/div>\t\t<\/div>\n\t\t\t\t<\/div>\n\t\t\t\t\t<\/div>\n\t\t<\/div>\n\t\t\t\t\t\t\t<\/div>\n\t\t<\/section>\n\t\t\t\t<section class=\"elementor-section elementor-top-section elementor-element elementor-element-04ec5dc qodef-elementor-content-grid elementor-section-boxed elementor-section-height-default elementor-section-height-default\" data-id=\"04ec5dc\" data-element_type=\"section\">\n\t\t\t\t\t\t<div class=\"elementor-container elementor-column-gap-default\">\n\t\t\t\t\t<div class=\"elementor-column elementor-col-50 elementor-top-column elementor-element elementor-element-d05c514\" data-id=\"d05c514\" data-element_type=\"column\">\n\t\t\t<div class=\"elementor-widget-wrap elementor-element-populated\">\n\t\t\t\t\t\t\t\t<div class=\"elementor-element elementor-element-7d45995 elementor-widget elementor-widget-augustine_core_image_with_text\" data-id=\"7d45995\" data-element_type=\"widget\" data-widget_type=\"augustine_core_image_with_text.default\">\n\t\t\t\t<div class=\"elementor-widget-container\">\n\t\t\t<div class=\"qodef-shortcode qodef-m  qodef-image-with-text qodef-layout--text-below   \">\n\t<div class=\"qodef-m-image\">\n                                            <img decoding=\"async\" width=\"1280\" height=\"800\" src=\"https:\/\/angelsvillas.com\/wp-content\/uploads\/2022\/12\/act_bike.jpg\" class=\"attachment-full size-full\" alt=\"\" srcset=\"https:\/\/angelsvillas.com\/wp-content\/uploads\/2022\/12\/act_bike.jpg 1280w, https:\/\/angelsvillas.com\/wp-content\/uploads\/2022\/12\/act_bike-300x188.jpg 300w, https:\/\/angelsvillas.com\/wp-content\/uploads\/2022\/12\/act_bike-1024x640.jpg 1024w, https:\/\/angelsvillas.com\/wp-content\/uploads\/2022\/12\/act_bike-768x480.jpg 768w, https:\/\/angelsvillas.com\/wp-content\/uploads\/2022\/12\/act_bike-600x375.jpg 600w\" sizes=\"(max-width: 1280px) 100vw, 1280px\" \/>\n                                            <\/div>\t<div class=\"qodef-m-content\">\n\t\t\t<div class=\"qodef-m-subtitle\" >\n        sport &amp; actions\t<\/div>\n\t\t\t<h4 class=\"qodef-m-title\" style=\"margin-top: 5px\">\n\t\t\t\t\tVTT\t\t\t<\/h4>\n\t\t\t<p class=\"qodef-m-text\" >\n<\/p>\n\t<\/div>\n<\/div>\t\t<\/div>\n\t\t\t\t<\/div>\n\t\t\t\t\t<\/div>\n\t\t<\/div>\n\t\t\t\t<div class=\"elementor-column elementor-col-50 elementor-top-column elementor-element elementor-element-458321d\" data-id=\"458321d\" data-element_type=\"column\">\n\t\t\t<div class=\"elementor-widget-wrap elementor-element-populated\">\n\t\t\t\t\t\t\t\t<div class=\"elementor-element elementor-element-37a33c1 elementor-widget elementor-widget-augustine_core_image_with_text\" data-id=\"37a33c1\" data-element_type=\"widget\" data-widget_type=\"augustine_core_image_with_text.default\">\n\t\t\t\t<div class=\"elementor-widget-container\">\n\t\t\t<div class=\"qodef-shortcode qodef-m  qodef-image-with-text qodef-layout--text-below   \">\n\t<div class=\"qodef-m-image\">\n                                            <img decoding=\"async\" width=\"1280\" height=\"800\" src=\"https:\/\/angelsvillas.com\/wp-content\/uploads\/2022\/12\/act_kite.jpg\" class=\"attachment-full size-full\" alt=\"\" srcset=\"https:\/\/angelsvillas.com\/wp-content\/uploads\/2022\/12\/act_kite.jpg 1280w, https:\/\/angelsvillas.com\/wp-content\/uploads\/2022\/12\/act_kite-300x188.jpg 300w, https:\/\/angelsvillas.com\/wp-content\/uploads\/2022\/12\/act_kite-1024x640.jpg 1024w, https:\/\/angelsvillas.com\/wp-content\/uploads\/2022\/12\/act_kite-768x480.jpg 768w, https:\/\/angelsvillas.com\/wp-content\/uploads\/2022\/12\/act_kite-600x375.jpg 600w\" sizes=\"(max-width: 1280px) 100vw, 1280px\" \/>\n                                            <\/div>\t<div class=\"qodef-m-content\">\n\t\t\t<div class=\"qodef-m-subtitle\" >\n        sport &amp; actions\t<\/div>\n\t\t\t<h4 class=\"qodef-m-title\" style=\"margin-top: 5px\">\n\t\t\t\t\tKite Surf\t\t\t<\/h4>\n\t\t\t<p class=\"qodef-m-text\" >\n<\/p>\n\t<\/div>\n<\/div>\t\t<\/div>\n\t\t\t\t<\/div>\n\t\t\t\t\t<\/div>\n\t\t<\/div>\n\t\t\t\t\t\t\t<\/div>\n\t\t<\/section>\n\t\t\t\t<section class=\"elementor-section elementor-top-section elementor-element elementor-element-e6c6a96 qodef-elementor-content-grid elementor-section-boxed elementor-section-height-default elementor-section-height-default\" data-id=\"e6c6a96\" data-element_type=\"section\">\n\t\t\t\t\t\t<div class=\"elementor-container elementor-column-gap-default\">\n\t\t\t\t\t<div class=\"elementor-column elementor-col-50 elementor-top-column elementor-element elementor-element-dc89d54\" data-id=\"dc89d54\" data-element_type=\"column\">\n\t\t\t<div class=\"elementor-widget-wrap elementor-element-populated\">\n\t\t\t\t\t\t\t\t<div class=\"elementor-element elementor-element-6a97c0a elementor-widget elementor-widget-augustine_core_image_with_text\" data-id=\"6a97c0a\" data-element_type=\"widget\" data-widget_type=\"augustine_core_image_with_text.default\">\n\t\t\t\t<div class=\"elementor-widget-container\">\n\t\t\t<div class=\"qodef-shortcode qodef-m  qodef-image-with-text qodef-layout--text-below   \">\n\t<div class=\"qodef-m-image\">\n                                            <img decoding=\"async\" width=\"1280\" height=\"800\" src=\"https:\/\/angelsvillas.com\/wp-content\/uploads\/2022\/12\/act_sailing.jpg\" class=\"attachment-full size-full\" alt=\"\" srcset=\"https:\/\/angelsvillas.com\/wp-content\/uploads\/2022\/12\/act_sailing.jpg 1280w, https:\/\/angelsvillas.com\/wp-content\/uploads\/2022\/12\/act_sailing-300x188.jpg 300w, https:\/\/angelsvillas.com\/wp-content\/uploads\/2022\/12\/act_sailing-1024x640.jpg 1024w, https:\/\/angelsvillas.com\/wp-content\/uploads\/2022\/12\/act_sailing-768x480.jpg 768w, https:\/\/angelsvillas.com\/wp-content\/uploads\/2022\/12\/act_sailing-600x375.jpg 600w\" sizes=\"(max-width: 1280px) 100vw, 1280px\" \/>\n                                            <\/div>\t<div class=\"qodef-m-content\">\n\t\t\t<div class=\"qodef-m-subtitle\" >\n        Touristique\t<\/div>\n\t\t\t<h4 class=\"qodef-m-title\" style=\"margin-top: 5px\">\n\t\t\t\t\tVoile\t\t\t<\/h4>\n\t\t\t<p class=\"qodef-m-text\" >\n<\/p>\n\t<\/div>\n<\/div>\t\t<\/div>\n\t\t\t\t<\/div>\n\t\t\t\t\t<\/div>\n\t\t<\/div>\n\t\t\t\t<div class=\"elementor-column elementor-col-50 elementor-top-column elementor-element elementor-element-e579d2a\" data-id=\"e579d2a\" data-element_type=\"column\">\n\t\t\t<div class=\"elementor-widget-wrap elementor-element-populated\">\n\t\t\t\t\t\t\t\t<div class=\"elementor-element elementor-element-85dfe01 elementor-widget elementor-widget-augustine_core_image_with_text\" data-id=\"85dfe01\" data-element_type=\"widget\" data-widget_type=\"augustine_core_image_with_text.default\">\n\t\t\t\t<div class=\"elementor-widget-container\">\n\t\t\t<div class=\"qodef-shortcode qodef-m  qodef-image-with-text qodef-layout--text-below   \">\n\t<div class=\"qodef-m-image\">\n                                            <img decoding=\"async\" width=\"1280\" height=\"800\" src=\"https:\/\/angelsvillas.com\/wp-content\/uploads\/2022\/12\/act_horse.jpg\" class=\"attachment-full size-full\" alt=\"\" srcset=\"https:\/\/angelsvillas.com\/wp-content\/uploads\/2022\/12\/act_horse.jpg 1280w, https:\/\/angelsvillas.com\/wp-content\/uploads\/2022\/12\/act_horse-300x188.jpg 300w, https:\/\/angelsvillas.com\/wp-content\/uploads\/2022\/12\/act_horse-1024x640.jpg 1024w, https:\/\/angelsvillas.com\/wp-content\/uploads\/2022\/12\/act_horse-768x480.jpg 768w, https:\/\/angelsvillas.com\/wp-content\/uploads\/2022\/12\/act_horse-600x375.jpg 600w\" sizes=\"(max-width: 1280px) 100vw, 1280px\" \/>\n                                            <\/div>\t<div class=\"qodef-m-content\">\n\t\t\t<div class=\"qodef-m-subtitle\" >\n        Touristique\t<\/div>\n\t\t\t<h4 class=\"qodef-m-title\" style=\"margin-top: 5px\">\n\t\t\t\t\tCentre \u00e9questre\t\t\t<\/h4>\n\t\t\t<p class=\"qodef-m-text\" >\n<\/p>\n\t<\/div>\n<\/div>\t\t<\/div>\n\t\t\t\t<\/div>\n\t\t\t\t\t<\/div>\n\t\t<\/div>\n\t\t\t\t\t\t\t<\/div>\n\t\t<\/section>\n\t\t\t\t<section class=\"elementor-section elementor-top-section elementor-element elementor-element-4b9ab6c qodef-elementor-content-grid elementor-section-boxed elementor-section-height-default elementor-section-height-default\" data-id=\"4b9ab6c\" data-element_type=\"section\">\n\t\t\t\t\t\t<div class=\"elementor-container elementor-column-gap-default\">\n\t\t\t\t\t<div class=\"elementor-column elementor-col-50 elementor-top-column elementor-element elementor-element-d0fec6e\" data-id=\"d0fec6e\" data-element_type=\"column\">\n\t\t\t<div class=\"elementor-widget-wrap elementor-element-populated\">\n\t\t\t\t\t\t\t\t<div class=\"elementor-element elementor-element-fd717fe elementor-widget elementor-widget-augustine_core_image_with_text\" data-id=\"fd717fe\" data-element_type=\"widget\" data-widget_type=\"augustine_core_image_with_text.default\">\n\t\t\t\t<div class=\"elementor-widget-container\">\n\t\t\t<div class=\"qodef-shortcode qodef-m  qodef-image-with-text qodef-layout--text-below   \">\n\t<div class=\"qodef-m-image\">\n                                            <img decoding=\"async\" width=\"1280\" height=\"800\" src=\"https:\/\/angelsvillas.com\/wp-content\/uploads\/2022\/12\/act_scuba.jpg\" class=\"attachment-full size-full\" alt=\"\" srcset=\"https:\/\/angelsvillas.com\/wp-content\/uploads\/2022\/12\/act_scuba.jpg 1280w, https:\/\/angelsvillas.com\/wp-content\/uploads\/2022\/12\/act_scuba-300x188.jpg 300w, https:\/\/angelsvillas.com\/wp-content\/uploads\/2022\/12\/act_scuba-1024x640.jpg 1024w, https:\/\/angelsvillas.com\/wp-content\/uploads\/2022\/12\/act_scuba-768x480.jpg 768w, https:\/\/angelsvillas.com\/wp-content\/uploads\/2022\/12\/act_scuba-600x375.jpg 600w\" sizes=\"(max-width: 1280px) 100vw, 1280px\" \/>\n                                            <\/div>\t<div class=\"qodef-m-content\">\n\t\t\t<div class=\"qodef-m-subtitle\" >\n        Touristique\t<\/div>\n\t\t\t<h4 class=\"qodef-m-title\" style=\"margin-top: 5px\">\n\t\t\t\t\tPlong\u00e9e Sous-marine\t\t\t<\/h4>\n\t\t\t<p class=\"qodef-m-text\" >\n<\/p>\n\t<\/div>\n<\/div>\t\t<\/div>\n\t\t\t\t<\/div>\n\t\t\t\t\t<\/div>\n\t\t<\/div>\n\t\t\t\t<div class=\"elementor-column elementor-col-50 elementor-top-column elementor-element elementor-element-b74c5bc\" data-id=\"b74c5bc\" data-element_type=\"column\">\n\t\t\t<div class=\"elementor-widget-wrap elementor-element-populated\">\n\t\t\t\t\t\t\t\t<div class=\"elementor-element elementor-element-6b6f749 elementor-widget elementor-widget-augustine_core_image_with_text\" data-id=\"6b6f749\" data-element_type=\"widget\" data-widget_type=\"augustine_core_image_with_text.default\">\n\t\t\t\t<div class=\"elementor-widget-container\">\n\t\t\t<div class=\"qodef-shortcode qodef-m  qodef-image-with-text qodef-layout--text-below   \">\n\t<div class=\"qodef-m-image\">\n                                            <img decoding=\"async\" width=\"1280\" height=\"800\" src=\"https:\/\/angelsvillas.com\/wp-content\/uploads\/2022\/12\/act_park.jpg\" class=\"attachment-full size-full\" alt=\"\" srcset=\"https:\/\/angelsvillas.com\/wp-content\/uploads\/2022\/12\/act_park.jpg 1280w, https:\/\/angelsvillas.com\/wp-content\/uploads\/2022\/12\/act_park-300x188.jpg 300w, https:\/\/angelsvillas.com\/wp-content\/uploads\/2022\/12\/act_park-1024x640.jpg 1024w, https:\/\/angelsvillas.com\/wp-content\/uploads\/2022\/12\/act_park-768x480.jpg 768w, https:\/\/angelsvillas.com\/wp-content\/uploads\/2022\/12\/act_park-600x375.jpg 600w\" sizes=\"(max-width: 1280px) 100vw, 1280px\" \/>\n                                            <\/div>\t<div class=\"qodef-m-content\">\n\t\t\t<div class=\"qodef-m-subtitle\" >\n        Touristique\t<\/div>\n\t\t\t<h4 class=\"qodef-m-title\" style=\"margin-top: 5px\">\n\t\t\t\t\tParc naturel avec parcours trac\u00e9s\t\t\t<\/h4>\n\t\t\t<p class=\"qodef-m-text\" >\n<\/p>\n\t<\/div>\n<\/div>\t\t<\/div>\n\t\t\t\t<\/div>\n\t\t\t\t\t<\/div>\n\t\t<\/div>\n\t\t\t\t\t\t\t<\/div>\n\t\t<\/section>\n\t\t\t\t<section class=\"elementor-section elementor-top-section elementor-element elementor-element-87da64f qodef-elementor-content-grid elementor-section-boxed elementor-section-height-default elementor-section-height-default\" data-id=\"87da64f\" data-element_type=\"section\">\n\t\t\t\t\t\t<div class=\"elementor-container elementor-column-gap-default\">\n\t\t\t\t\t<div class=\"elementor-column elementor-col-50 elementor-top-column elementor-element elementor-element-8b948c5\" data-id=\"8b948c5\" data-element_type=\"column\">\n\t\t\t<div class=\"elementor-widget-wrap elementor-element-populated\">\n\t\t\t\t\t\t\t\t<div class=\"elementor-element elementor-element-7f815d0 elementor-widget elementor-widget-augustine_core_image_with_text\" data-id=\"7f815d0\" data-element_type=\"widget\" data-widget_type=\"augustine_core_image_with_text.default\">\n\t\t\t\t<div class=\"elementor-widget-container\">\n\t\t\t<div class=\"qodef-shortcode qodef-m  qodef-image-with-text qodef-layout--text-below   \">\n\t<div class=\"qodef-m-image\">\n                                            <img decoding=\"async\" width=\"1280\" height=\"800\" src=\"https:\/\/angelsvillas.com\/wp-content\/uploads\/2022\/12\/act_museums.jpg\" class=\"attachment-full size-full\" alt=\"\" srcset=\"https:\/\/angelsvillas.com\/wp-content\/uploads\/2022\/12\/act_museums.jpg 1280w, https:\/\/angelsvillas.com\/wp-content\/uploads\/2022\/12\/act_museums-300x188.jpg 300w, https:\/\/angelsvillas.com\/wp-content\/uploads\/2022\/12\/act_museums-1024x640.jpg 1024w, https:\/\/angelsvillas.com\/wp-content\/uploads\/2022\/12\/act_museums-768x480.jpg 768w, https:\/\/angelsvillas.com\/wp-content\/uploads\/2022\/12\/act_museums-600x375.jpg 600w\" sizes=\"(max-width: 1280px) 100vw, 1280px\" \/>\n                                            <\/div>\t<div class=\"qodef-m-content\">\n\t\t\t<div class=\"qodef-m-subtitle\" >\n        Touristique\t<\/div>\n\t\t\t<h4 class=\"qodef-m-title\" style=\"margin-top: 5px\">\n\t\t\t\t\tExcursions dans des Sites et des Mus\u00e9es\t\t\t<\/h4>\n\t\t\t<p class=\"qodef-m-text\" >\n<\/p>\n\t<\/div>\n<\/div>\t\t<\/div>\n\t\t\t\t<\/div>\n\t\t\t\t\t<\/div>\n\t\t<\/div>\n\t\t\t\t<div class=\"elementor-column elementor-col-50 elementor-top-column elementor-element elementor-element-cb6d319\" data-id=\"cb6d319\" data-element_type=\"column\">\n\t\t\t<div class=\"elementor-widget-wrap elementor-element-populated\">\n\t\t\t\t\t\t\t\t<div class=\"elementor-element elementor-element-a1f27c3 elementor-widget elementor-widget-augustine_core_image_with_text\" data-id=\"a1f27c3\" data-element_type=\"widget\" data-widget_type=\"augustine_core_image_with_text.default\">\n\t\t\t\t<div class=\"elementor-widget-container\">\n\t\t\t<div class=\"qodef-shortcode qodef-m  qodef-image-with-text qodef-layout--text-below   \">\n\t<div class=\"qodef-m-image\">\n                                            <img decoding=\"async\" width=\"1280\" height=\"800\" src=\"https:\/\/angelsvillas.com\/wp-content\/uploads\/2022\/12\/act_boat.jpg\" class=\"attachment-full size-full\" alt=\"\" srcset=\"https:\/\/angelsvillas.com\/wp-content\/uploads\/2022\/12\/act_boat.jpg 1280w, https:\/\/angelsvillas.com\/wp-content\/uploads\/2022\/12\/act_boat-300x188.jpg 300w, https:\/\/angelsvillas.com\/wp-content\/uploads\/2022\/12\/act_boat-1024x640.jpg 1024w, https:\/\/angelsvillas.com\/wp-content\/uploads\/2022\/12\/act_boat-768x480.jpg 768w, https:\/\/angelsvillas.com\/wp-content\/uploads\/2022\/12\/act_boat-600x375.jpg 600w\" sizes=\"(max-width: 1280px) 100vw, 1280px\" \/>\n                                            <\/div>\t<div class=\"qodef-m-content\">\n\t\t\t<div class=\"qodef-m-subtitle\" >\n        Touristique\t<\/div>\n\t\t\t<h4 class=\"qodef-m-title\" style=\"margin-top: 5px\">\n\t\t\t\t\tExcursions en Bateau\t\t\t<\/h4>\n\t\t\t<p class=\"qodef-m-text\" >\n<\/p>\n\t<\/div>\n<\/div>\t\t<\/div>\n\t\t\t\t<\/div>\n\t\t\t\t\t<\/div>\n\t\t<\/div>\n\t\t\t\t\t\t\t<\/div>\n\t\t<\/section>\n\t\t\t\t\t\t\t<\/div>\n\t\t","protected":false},"excerpt":{"rendered":"<p>Amusez-vous Toutes les activit\u00e9s ci-dessous mentionn\u00e9es peuvent \u00eatre mises en place apr\u00e8s r\u00e9servation. Veuillez nous informer de vos choix soit au moment de la r\u00e9servation de votre s\u00e9jour soit durant ce dernier. sport &amp; actions Planche \u00e0 Voile sport &amp; actions Ski Nautique sport &amp; actions VTT sport &amp; actions Kite Surf Touristique Voile Touristique [&hellip;]<\/p>\n","protected":false},"author":1,"featured_media":0,"parent":0,"menu_order":0,"comment_status":"closed","ping_status":"closed","template":"page-full-width.php","meta":{"footnotes":""},"class_list":["post-19293","page","type-page","status-publish","hentry"],"_links":{"self":[{"href":"https:\/\/angelsvillas.com\/fr\/wp-json\/wp\/v2\/pages\/19293","targetHints":{"allow":["GET"]}}],"collection":[{"href":"https:\/\/angelsvillas.com\/fr\/wp-json\/wp\/v2\/pages"}],"about":[{"href":"https:\/\/angelsvillas.com\/fr\/wp-json\/wp\/v2\/types\/page"}],"author":[{"embeddable":true,"href":"https:\/\/angelsvillas.com\/fr\/wp-json\/wp\/v2\/users\/1"}],"replies":[{"embeddable":true,"href":"https:\/\/angelsvillas.com\/fr\/wp-json\/wp\/v2\/comments?post=19293"}],"version-history":[{"count":8,"href":"https:\/\/angelsvillas.com\/fr\/wp-json\/wp\/v2\/pages\/19293\/revisions"}],"predecessor-version":[{"id":19301,"href":"https:\/\/angelsvillas.com\/fr\/wp-json\/wp\/v2\/pages\/19293\/revisions\/19301"}],"wp:attachment":[{"href":"https:\/\/angelsvillas.com\/fr\/wp-json\/wp\/v2\/media?parent=19293"}],"curies":[{"name":"wp","href":"https:\/\/api.w.org\/{rel}","templated":true}]}}