{"id":19326,"date":"2022-11-28T10:12:25","date_gmt":"2022-11-28T10:12:25","guid":{"rendered":"https:\/\/angelsvillas.com\/politique-de-confidentialite\/"},"modified":"2023-04-26T10:49:26","modified_gmt":"2023-04-26T10:49:26","slug":"politique-de-confidentialite","status":"publish","type":"page","link":"https:\/\/angelsvillas.com\/fr\/politique-de-confidentialite\/","title":{"rendered":"Politique de Confidentialit\u00e9"},"content":{"rendered":"\t\t<div data-elementor-type=\"wp-page\" data-elementor-id=\"19326\" class=\"elementor elementor-19326 elementor-3\">\n\t\t\t\t\t\t\t\t\t<section class=\"elementor-section elementor-top-section elementor-element elementor-element-50c6a0f1 elementor-section-boxed elementor-section-height-default elementor-section-height-default qodef-elementor-content-no\" data-id=\"50c6a0f1\" data-element_type=\"section\">\n\t\t\t\t\t\t<div class=\"elementor-container elementor-column-gap-default\">\n\t\t\t\t\t<div class=\"elementor-column elementor-col-100 elementor-top-column elementor-element elementor-element-385d50a9\" data-id=\"385d50a9\" data-element_type=\"column\">\n\t\t\t<div class=\"elementor-widget-wrap elementor-element-populated\">\n\t\t\t\t\t\t\t\t<div class=\"elementor-element elementor-element-596428e1 elementor-widget elementor-widget-text-editor\" data-id=\"596428e1\" data-element_type=\"widget\" data-widget_type=\"text-editor.default\">\n\t\t\t\t<div class=\"elementor-widget-container\">\n\t\t\t<style>\/*! elementor - v3.8.1 - 13-11-2022 *\/\n.elementor-widget-text-editor.elementor-drop-cap-view-stacked .elementor-drop-cap{background-color:#818a91;color:#fff}.elementor-widget-text-editor.elementor-drop-cap-view-framed .elementor-drop-cap{color:#818a91;border:3px solid;background-color:transparent}.elementor-widget-text-editor:not(.elementor-drop-cap-view-default) .elementor-drop-cap{margin-top:8px}.elementor-widget-text-editor:not(.elementor-drop-cap-view-default) .elementor-drop-cap-letter{width:1em;height:1em}.elementor-widget-text-editor .elementor-drop-cap{float:left;text-align:center;line-height:1;font-size:50px}.elementor-widget-text-editor .elementor-drop-cap-letter{display:inline-block}<\/style>\t\t\t\t<h4>Qui nous sommes<\/h4><p>L&rsquo;adresse de notre site Web est : <a href=\"https:\/\/angelsvillas.com\/fr\/\">https:\/\/angelsvillas.com<\/a>.<\/p><h4>Cookies et politique de confidentialit\u00e9<\/h4><p>L&rsquo;Autorit\u00e9 grecque de protection des donn\u00e9es a adopt\u00e9 la directive europ\u00e9enne concernant les cookies, visant \u00e0 la protection de la vie priv\u00e9e des utilisateurs. Par cons\u00e9quent, les informations suivantes remplissent le devoir de prot\u00e9ger la vie priv\u00e9e de chaque utilisateur sans compromettre la navigation du site Web que vous visitez. Les informations suivantes peuvent \u00eatre mises \u00e0 jour, c&rsquo;est pourquoi nous vous sugg\u00e9rons de visiter cette page r\u00e9guli\u00e8rement. Si vous n&rsquo;\u00eates pas d&rsquo;accord avec ces conditions, veuillez ne pas utiliser nos services.<\/p><h4>Confidentialit\u00e9<\/h4><p>Lors de votre visite sur notre site internet, nous pouvons \u00eatre amen\u00e9s \u00e0 collecter certaines donn\u00e9es telles que : l&rsquo;adresse IP, le navigateur que vous utilisez. Si vous utilisez un appareil mobile, nous pouvons collecter des donn\u00e9es concernant votre appareil et vos param\u00e8tres. Nous pouvons \u00e9galement collecter des donn\u00e9es vous concernant et concernant vos pr\u00e9f\u00e9rences. Les donn\u00e9es collect\u00e9es sont utilis\u00e9es et partag\u00e9es pour:<\/p><p>Assistance client: nous partageons vos donn\u00e9es avec le personnel du service client pour chaque n\u00e9cessit\u00e9 li\u00e9e \u00e0 votre achat ;<br \/>Gestion de compte: si vous d\u00e9cidez de cr\u00e9er un Compte Utilisateur, les informations que vous nous fournissez nous permettent de g\u00e9rer cette fonction, et vous permettront d&rsquo;utiliser ce service plus facilement et plus rapidement ;<br \/>Activit\u00e9s de marketing : dans les limites de la loi, nous utilisons vos informations pour vous envoyer des informations sur les produits ou services susceptibles de vous int\u00e9resser. Vous pouvez d\u00e9sactiver \u00e0 tout moment la r\u00e9ception de communications marketing en utilisant le lien d\u00e9sign\u00e9.<br \/>Autres types de communications : selon le type de contact que vous nous avez donn\u00e9, nous pouvons vous contacter par e-mail, courrier, t\u00e9l\u00e9phone ou message chaque fois que nous pouvons avoir besoin de:<br \/>Traiter votre demande Vous envoyer des rappels pour la r\u00e9alisation d&rsquo;une r\u00e9servation\/achat<br \/>Vous envoyer une invitation pour donner votre avis sur l&rsquo;achat effectu\u00e9\/le service utilis\u00e9<br \/>Vous envoyer du mat\u00e9riel utile pour l&rsquo;utilisation du service\/achat<br \/>\u00c9tudes de march\u00e9 : les autres informations suppl\u00e9mentaires que vous pourriez partager \u00e0 l&rsquo;occasion d&rsquo;\u00e9tudes de march\u00e9 seront exploit\u00e9es exclusivement avec votre autorisation ;<br \/>D\u00e9tection et pr\u00e9vention de la fraude : nous pouvons utiliser les informations que vous avez fournies pour d\u00e9tecter et pr\u00e9venir la fraude ou d&rsquo;autres activit\u00e9s ill\u00e9gales ou ind\u00e9sirables.<br \/>Am\u00e9lioration de nos services : vos donn\u00e9es seront utilis\u00e9es pour am\u00e9liorer la qualit\u00e9 de nos services et les fonctionnalit\u00e9s de notre site Internet.<\/p><h4>Partage de donn\u00e9es avec des tiers<\/h4><p>Dans certains cas, il peut \u00eatre jug\u00e9 n\u00e9cessaire pour nous de recourir \u00e0 des prestataires de services tiers, agissant et g\u00e9rant vos donn\u00e9es uniquement pour notre compte. L&rsquo;objectif peut \u00eatre la simplification des services de paiement, de communication marketing et publicitaire ou d&rsquo;analyse. Chaque soci\u00e9t\u00e9 tierce est li\u00e9e par des accords de confidentialit\u00e9 et s&rsquo;interdit d&rsquo;utiliser vos donn\u00e9es personnelles \u00e0 ses propres fins ou \u00e0 d&rsquo;autres fins. Nous pouvons partager vos donn\u00e9es avec les autorit\u00e9s charg\u00e9es de l&rsquo;application de la loi ou d&rsquo;autres autorit\u00e9s gouvernementales dans les cas pr\u00e9vus par la loi ou si cela est strictement n\u00e9cessaire pour pr\u00e9venir, d\u00e9tecter ou poursuivre des activit\u00e9s criminelles. Certains de nos partenaires commerciaux peuvent recevoir vos donn\u00e9es personnelles, au cas o\u00f9 vous en feriez la demande, nous vous invitons donc \u00e0 lire la politique de confidentialit\u00e9 sur les sites Web de nos partenaires commerciaux pour avoir plus d&rsquo;informations.<\/p><h4>Appareils mobiles<\/h4><p>Nous fournissons des applications gratuites pour une large gamme d&rsquo;appareils mobiles et une version optimis\u00e9e de notre site Web pour mobile. Ces applications et le site Web mobile g\u00e8rent vos donn\u00e9es personnelles de la m\u00eame mani\u00e8re que sur le site Web.<\/p><h4>Cookies<\/h4><p>Les cookies sont des donn\u00e9es qu&rsquo;un site Web collecte dans le navigateur de votre ordinateur ou de votre appareil mobile. Il existe diff\u00e9rents types de cookies :<br \/>Cookies techniques : utilis\u00e9s pour fournir le meilleur service possible \u00e0 l&rsquo;utilisateur. Les cookies techniques sont ceux qui permettent une meilleure exp\u00e9rience de navigation. Par exemple, ils se souviennent de ce que vous avez mis dans le panier ou de la langue que vous pr\u00e9f\u00e9rez. Ces cookies n&rsquo;ont pas besoin de votre autorisation.<br \/>Cookies de profilage : ils utilisent vos donn\u00e9es personnelles pour vous envoyer des publicit\u00e9s personnalis\u00e9es en fonction de vos pr\u00e9f\u00e9rences.<br \/>Cookies analytiques : ce sont ceux que nous utilisons pour optimiser et am\u00e9liorer notre site Web et pour nous assurer qu&rsquo;il est toujours int\u00e9ressant et pertinent.<br \/>Cookies tiers : utilis\u00e9s par des tiers pour visualiser des publicit\u00e9s personnalis\u00e9es sur notre site Web ou d&rsquo;autres sites Web. Des tiers peuvent \u00e9galement utiliser des cookies commerciaux pour afficher leurs produits et services sur notre site Web.<br \/>Tout le monde peut demander \u00e0 \u00eatre retir\u00e9 du suivi des cookies de profilage et de tiers. Pour la gestion des informations collect\u00e9es par des tiers, veuillez vous r\u00e9f\u00e9rer aux politiques relatives. Pour assurer une plus grande transparence, nous rapportons ci-dessous l&rsquo;adresse du site Web des diff\u00e9rentes politiques et modalit\u00e9s de gestion des cookies qui pourraient \u00eatre utilis\u00e9es dans ce site Web.<br \/>Facebook: <a href=\"https:\/\/www.facebook.com\/help\/cookies\/\">https:\/\/www.facebook.com\/help\/cookies\/<\/a><br \/>Information Twitter: <a href=\"https:\/\/support.twitter.com\/articles\/20170514\">https:\/\/support.twitter.com\/articles\/20170514<\/a><br \/>Linkedin informatif: https:\/\/www.linkedin.com\/legal\/cookie-policy<br \/>Cookies de Google Analytics: <a href=\"http:\/\/www.google.com\/intl\/en\/analytics\/privacyoverview.html\">http:\/\/www.google.com\/intl\/en\/analytics\/privacyoverview.html<\/a><br \/>Cookies Google Adwords &amp; Google Remarketing: <a href=\"https:\/\/tools.google.com\/dlpage\/gaoptout\">https:\/\/tools.google.com\/dlpage\/gaoptout<\/a><br \/>Youtube: <a href=\"http:\/\/www.google.co.uk\/intl\/en\/policies\/privacy\/key-terms\/#toc-terms-cookie\">http:\/\/www.google.co.uk\/intl\/en\/policies\/privacy\/key-terms\/#toc-terms-cookie<\/a><br \/>Vous pouvez supprimer tous les cookies du navigateur \u00e0 tout moment.<\/p><p>\u00a0<\/p>\t\t\t\t\t\t<\/div>\n\t\t\t\t<\/div>\n\t\t\t\t\t<\/div>\n\t\t<\/div>\n\t\t\t\t\t\t\t<\/div>\n\t\t<\/section>\n\t\t\t\t\t\t\t<\/div>\n\t\t","protected":false},"excerpt":{"rendered":"<p>Qui nous sommes L&rsquo;adresse de notre site Web est : https:\/\/angelsvillas.com. Cookies et politique de confidentialit\u00e9 L&rsquo;Autorit\u00e9 grecque de protection des donn\u00e9es a adopt\u00e9 la directive europ\u00e9enne concernant les cookies, visant \u00e0 la protection de la vie priv\u00e9e des utilisateurs. Par cons\u00e9quent, les informations suivantes remplissent le devoir de prot\u00e9ger la vie priv\u00e9e de chaque [&hellip;]<\/p>\n","protected":false},"author":1,"featured_media":0,"parent":0,"menu_order":0,"comment_status":"closed","ping_status":"open","template":"","meta":{"footnotes":""},"class_list":["post-19326","page","type-page","status-publish","hentry"],"_links":{"self":[{"href":"https:\/\/angelsvillas.com\/fr\/wp-json\/wp\/v2\/pages\/19326","targetHints":{"allow":["GET"]}}],"collection":[{"href":"https:\/\/angelsvillas.com\/fr\/wp-json\/wp\/v2\/pages"}],"about":[{"href":"https:\/\/angelsvillas.com\/fr\/wp-json\/wp\/v2\/types\/page"}],"author":[{"embeddable":true,"href":"https:\/\/angelsvillas.com\/fr\/wp-json\/wp\/v2\/users\/1"}],"replies":[{"embeddable":true,"href":"https:\/\/angelsvillas.com\/fr\/wp-json\/wp\/v2\/comments?post=19326"}],"version-history":[{"count":11,"href":"https:\/\/angelsvillas.com\/fr\/wp-json\/wp\/v2\/pages\/19326\/revisions"}],"predecessor-version":[{"id":19338,"href":"https:\/\/angelsvillas.com\/fr\/wp-json\/wp\/v2\/pages\/19326\/revisions\/19338"}],"wp:attachment":[{"href":"https:\/\/angelsvillas.com\/fr\/wp-json\/wp\/v2\/media?parent=19326"}],"curies":[{"name":"wp","href":"https:\/\/api.w.org\/{rel}","templated":true}]}}