{"id":19363,"date":"2021-02-10T12:44:30","date_gmt":"2021-02-10T12:44:30","guid":{"rendered":"https:\/\/angelsvillas.com\/our-news\/"},"modified":"2025-01-02T12:03:39","modified_gmt":"2025-01-02T12:03:39","slug":"our-news","status":"publish","type":"page","link":"https:\/\/angelsvillas.com\/fr\/our-news\/","title":{"rendered":"Notre Actualit\u00e9"},"content":{"rendered":"\t\t<div data-elementor-type=\"wp-page\" data-elementor-id=\"19363\" class=\"elementor elementor-19363 elementor-9227\">\n\t\t\t\t\t\t\t\t\t<section class=\"elementor-section elementor-top-section elementor-element elementor-element-155e2974 elementor-section-full_width elementor-section-height-default elementor-section-height-default qodef-elementor-content-no\" data-id=\"155e2974\" data-element_type=\"section\">\n\t\t\t\t\t\t<div class=\"elementor-container elementor-column-gap-default\">\n\t\t\t\t\t<div class=\"elementor-column elementor-col-100 elementor-top-column elementor-element elementor-element-475eeda0\" data-id=\"475eeda0\" data-element_type=\"column\">\n\t\t\t<div class=\"elementor-widget-wrap elementor-element-populated\">\n\t\t\t\t\t\t\t\t<div class=\"elementor-element elementor-element-1f7571cd elementor-widget elementor-widget-augustine_core_section_title\" data-id=\"1f7571cd\" data-element_type=\"widget\" data-widget_type=\"augustine_core_section_title.default\">\n\t\t\t\t<div class=\"elementor-widget-container\">\n\t\t\t<div class=\"qodef-shortcode qodef-m  qodef-section-title qodef-alignment--center    qodef-separator-appear \">\n\t\t<span class=\"qodef-m-separator\" ><\/span>\n\t\t<p class=\"qodef-m-subtitle\" style=\"color: #000000\">Angels Villas<\/p>\n\t\t<h3 class=\"qodef-m-title\" style=\"margin-top: -5px;color: #000000\">\n\t\t\t\t\tNos Derni\u00e8res Nouvelles\t\t\t<\/h3>\n\t\t<\/div>\t\t<\/div>\n\t\t\t\t<\/div>\n\t\t\t\t<div class=\"elementor-element elementor-element-7a70ba16 elementor-widget elementor-widget-augustine_core_blog_list\" data-id=\"7a70ba16\" data-element_type=\"widget\" data-widget_type=\"augustine_core_blog_list.default\">\n\t\t\t\t<div class=\"elementor-widget-container\">\n\t\t\t<div class=\"qodef-shortcode qodef-m  qodef-blog qodef--list qodef-item-layout--standard   qodef-grid qodef-layout--masonry  qodef-gutter--small qodef-col-num--3 qodef-item-layout--standard qodef--no-bottom-space qodef-pagination--off qodef-responsive--predefined\" data-options=\"{&quot;plugin&quot;:&quot;augustine_core&quot;,&quot;module&quot;:&quot;blog\\\/shortcodes&quot;,&quot;shortcode&quot;:&quot;blog-list&quot;,&quot;post_type&quot;:&quot;post&quot;,&quot;next_page&quot;:&quot;2&quot;,&quot;max_pages_num&quot;:1,&quot;behavior&quot;:&quot;masonry&quot;,&quot;columns&quot;:&quot;3&quot;,&quot;columns_responsive&quot;:&quot;predefined&quot;,&quot;space&quot;:&quot;small&quot;,&quot;posts_per_page&quot;:&quot;3&quot;,&quot;orderby&quot;:&quot;date&quot;,&quot;order&quot;:&quot;ASC&quot;,&quot;additional_params&quot;:&quot;id&quot;,&quot;post_ids&quot;:&quot;20645, 19346, 19356&quot;,&quot;layout&quot;:&quot;standard&quot;,&quot;title_tag&quot;:&quot;h6&quot;,&quot;excerpt_length&quot;:&quot;129&quot;,&quot;pagination_type&quot;:&quot;no-pagination&quot;,&quot;object_class_name&quot;:&quot;AugustineCoreBlogListShortcode&quot;,&quot;taxonomy_filter&quot;:&quot;category&quot;,&quot;additional_query_args&quot;:{&quot;orderby&quot;:&quot;post__in&quot;,&quot;post__in&quot;:[&quot;20645&quot;,&quot; 19346&quot;,&quot; 19356&quot;]},&quot;space_value&quot;:10}\">\n\t\t<div class=\"qodef-grid-inner clear\">\n\t\t\t<div class=\"qodef-grid-masonry-sizer\"><\/div>\n\t<div class=\"qodef-grid-masonry-gutter\"><\/div>\n<article class=\"qodef-e qodef-blog-item qodef-grid-item post-20645 post type-post status-publish format-standard hentry category-angels-villas-fr\">\n\t<div class=\"qodef-e-inner\">\n\t\t<div class=\"qodef-e-media\">\n\n\t\t<div class=\"qodef-e-media-image\">\n\t\t<a itemprop=\"url\" href=\"https:\/\/angelsvillas.com\/fr\/new-villa-angels-onar\/\">\n\t\t\t<img decoding=\"async\" width=\"900\" height=\"955\" src=\"https:\/\/angelsvillas.com\/wp-content\/uploads\/2025\/01\/onar_front-1.jpg\" class=\"attachment-full size-full\" alt=\"\" srcset=\"https:\/\/angelsvillas.com\/wp-content\/uploads\/2025\/01\/onar_front-1.jpg 900w, https:\/\/angelsvillas.com\/wp-content\/uploads\/2025\/01\/onar_front-1-283x300.jpg 283w, https:\/\/angelsvillas.com\/wp-content\/uploads\/2025\/01\/onar_front-1-768x815.jpg 768w, https:\/\/angelsvillas.com\/wp-content\/uploads\/2025\/01\/onar_front-1-600x637.jpg 600w\" sizes=\"(max-width: 900px) 100vw, 900px\" \/>\t\t<\/a>\n\t<\/div>\n\t<div itemprop=\"dateCreated\" class=\"qodef-e-info-item qodef-e-info-date entry-date \">\n\t<a itemprop=\"url\" href=\"https:\/\/angelsvillas.com\/fr\/2025\/01\/\">janvier 2, 2025<\/a>\n<\/div><\/div>\t\t<div class=\"qodef-e-content\">\n\t\t\t<div class=\"qodef-e-info qodef-info--top\">\n\t\t\t\t<div class=\"qodef-e-info-item qodef-e-info-category\">\n\t<a href=\"https:\/\/angelsvillas.com\/fr\/category\/angels-villas-fr\/\" rel=\"category tag\">Angels Villas<\/a><\/div>\t\t\t<\/div>\n\t\t\t<div class=\"qodef-e-text\">\n\t\t\t\t<h6 itemprop=\"name\" class=\"qodef-e-title entry-title\">\n\t\t\t<a itemprop=\"url\" class=\"qodef-e-title-link\" href=\"https:\/\/angelsvillas.com\/fr\/new-villa-angels-onar\/\">\n\t\t\tNew Villa Angels Onar\t\t\t<\/a>\n\t<\/h6>\t\t<p itemprop=\"description\" class=\"qodef-e-excerpt\">\n\t\t\tNew Villa\t\t<\/p>\n\t\t\t\t<\/div>\n\t\t\t<div class=\"qodef-e-info qodef-info--bottom\">\n\t\t\t\t<div class=\"qodef-e-info-left\">\n\t\t\t\t\t\t<div class=\"qodef-e-read-more\">\n\t\t<a class=\"qodef-shortcode qodef-m  qodef-button qodef-layout--textual  qodef-html--link \" href=\"https:\/\/angelsvillas.com\/fr\/new-villa-angels-onar\/\" target=\"_self\"  >\t<span class=\"qodef-m-text\">Read More<\/span><\/a>\t<\/div>\n\t\t\t\t<\/div>\n\t\t\t\t<div class=\"qodef-e-info-right\">\n\n\t\t\t\t<\/div>\n\t\t\t<\/div>\n\t\t<\/div>\n\t<\/div>\n<\/article><article class=\"qodef-e qodef-blog-item qodef-grid-item post-19346 post type-post status-publish format-standard hentry category-angels-villas-fr\">\n\t<div class=\"qodef-e-inner\">\n\t\t<div class=\"qodef-e-media\">\n\n\t\t<div class=\"qodef-e-media-image\">\n\t\t<a itemprop=\"url\" href=\"https:\/\/angelsvillas.com\/fr\/angels-cars\/\">\n\t\t\t<img decoding=\"async\" width=\"900\" height=\"955\" src=\"https:\/\/angelsvillas.com\/wp-content\/uploads\/2024\/02\/cars_2024_front1.jpg\" class=\"attachment-full size-full\" alt=\"\" srcset=\"https:\/\/angelsvillas.com\/wp-content\/uploads\/2024\/02\/cars_2024_front1.jpg 900w, https:\/\/angelsvillas.com\/wp-content\/uploads\/2024\/02\/cars_2024_front1-283x300.jpg 283w, https:\/\/angelsvillas.com\/wp-content\/uploads\/2024\/02\/cars_2024_front1-768x815.jpg 768w, https:\/\/angelsvillas.com\/wp-content\/uploads\/2024\/02\/cars_2024_front1-600x637.jpg 600w\" sizes=\"(max-width: 900px) 100vw, 900px\" \/>\t\t<\/a>\n\t<\/div>\n\t<div itemprop=\"dateCreated\" class=\"qodef-e-info-item qodef-e-info-date entry-date \">\n\t<a itemprop=\"url\" href=\"https:\/\/angelsvillas.com\/fr\/2024\/02\/\">f\u00e9vrier 17, 2024<\/a>\n<\/div><\/div>\t\t<div class=\"qodef-e-content\">\n\t\t\t<div class=\"qodef-e-info qodef-info--top\">\n\t\t\t\t<div class=\"qodef-e-info-item qodef-e-info-category\">\n\t<a href=\"https:\/\/angelsvillas.com\/fr\/category\/angels-villas-fr\/\" rel=\"category tag\">Angels Villas<\/a><\/div>\t\t\t<\/div>\n\t\t\t<div class=\"qodef-e-text\">\n\t\t\t\t<h6 itemprop=\"name\" class=\"qodef-e-title entry-title\">\n\t\t\t<a itemprop=\"url\" class=\"qodef-e-title-link\" href=\"https:\/\/angelsvillas.com\/fr\/angels-cars\/\">\n\t\t\tAngels Cars\t\t\t<\/a>\n\t<\/h6>\t\t<p itemprop=\"description\" class=\"qodef-e-excerpt\">\n\t\t\tCars almost new, for your transportation\t\t<\/p>\n\t\t\t\t<\/div>\n\t\t\t<div class=\"qodef-e-info qodef-info--bottom\">\n\t\t\t\t<div class=\"qodef-e-info-left\">\n\t\t\t\t\t\t<div class=\"qodef-e-read-more\">\n\t\t<a class=\"qodef-shortcode qodef-m  qodef-button qodef-layout--textual  qodef-html--link \" href=\"https:\/\/angelsvillas.com\/fr\/angels-cars\/\" target=\"_self\"  >\t<span class=\"qodef-m-text\">Read More<\/span><\/a>\t<\/div>\n\t\t\t\t<\/div>\n\t\t\t\t<div class=\"qodef-e-info-right\">\n\n\t\t\t\t<\/div>\n\t\t\t<\/div>\n\t\t<\/div>\n\t<\/div>\n<\/article><article class=\"qodef-e qodef-blog-item qodef-grid-item post-19356 post type-post status-publish format-standard hentry category-angels-villas-fr category-angels-villas-it\">\n\t<div class=\"qodef-e-inner\">\n\t\t<div class=\"qodef-e-media\">\n\n\t\t<div class=\"qodef-e-media-image\">\n\t\t<a itemprop=\"url\" href=\"https:\/\/angelsvillas.com\/fr\/covid-19-free-destination\/\">\n\t\t\t<img decoding=\"async\" width=\"1500\" height=\"1592\" src=\"https:\/\/angelsvillas.com\/wp-content\/uploads\/2022\/12\/covid_19a.jpg\" class=\"attachment-full size-full\" alt=\"\" srcset=\"https:\/\/angelsvillas.com\/wp-content\/uploads\/2022\/12\/covid_19a.jpg 1500w, https:\/\/angelsvillas.com\/wp-content\/uploads\/2022\/12\/covid_19a-283x300.jpg 283w, https:\/\/angelsvillas.com\/wp-content\/uploads\/2022\/12\/covid_19a-965x1024.jpg 965w, https:\/\/angelsvillas.com\/wp-content\/uploads\/2022\/12\/covid_19a-768x815.jpg 768w, https:\/\/angelsvillas.com\/wp-content\/uploads\/2022\/12\/covid_19a-1447x1536.jpg 1447w, https:\/\/angelsvillas.com\/wp-content\/uploads\/2022\/12\/covid_19a-600x637.jpg 600w\" sizes=\"(max-width: 1500px) 100vw, 1500px\" \/>\t\t<\/a>\n\t<\/div>\n\t<div itemprop=\"dateCreated\" class=\"qodef-e-info-item qodef-e-info-date entry-date \">\n\t<a itemprop=\"url\" href=\"https:\/\/angelsvillas.com\/fr\/2022\/12\/\">d\u00e9cembre 18, 2022<\/a>\n<\/div><\/div>\t\t<div class=\"qodef-e-content\">\n\t\t\t<div class=\"qodef-e-info qodef-info--top\">\n\t\t\t\t<div class=\"qodef-e-info-item qodef-e-info-category\">\n\t<a href=\"https:\/\/angelsvillas.com\/fr\/category\/angels-villas-fr\/\" rel=\"category tag\">Angels Villas<\/a>, <a href=\"https:\/\/angelsvillas.com\/it\/category\/angels-villas-it\/\" rel=\"category tag\">Angels Villas<\/a><\/div>\t\t\t<\/div>\n\t\t\t<div class=\"qodef-e-text\">\n\t\t\t\t<h6 itemprop=\"name\" class=\"qodef-e-title entry-title\">\n\t\t\t<a itemprop=\"url\" class=\"qodef-e-title-link\" href=\"https:\/\/angelsvillas.com\/fr\/covid-19-free-destination\/\">\n\t\t\tDestination sans COVID-19\t\t\t<\/a>\n\t<\/h6>\t\t<p itemprop=\"description\" class=\"qodef-e-excerpt\">\n\t\t\tNous sommes impatients de vous voir dans l'une de nos villas \"Convid Free\", sur l'\u00eele la plus s\u00e9duisante et la plus s\u00fbre de Pa\t\t<\/p>\n\t\t\t\t<\/div>\n\t\t\t<div class=\"qodef-e-info qodef-info--bottom\">\n\t\t\t\t<div class=\"qodef-e-info-left\">\n\t\t\t\t\t\t<div class=\"qodef-e-read-more\">\n\t\t<a class=\"qodef-shortcode qodef-m  qodef-button qodef-layout--textual  qodef-html--link \" href=\"https:\/\/angelsvillas.com\/fr\/covid-19-free-destination\/\" target=\"_self\"  >\t<span class=\"qodef-m-text\">Read More<\/span><\/a>\t<\/div>\n\t\t\t\t<\/div>\n\t\t\t\t<div class=\"qodef-e-info-right\">\n\n\t\t\t\t<\/div>\n\t\t\t<\/div>\n\t\t<\/div>\n\t<\/div>\n<\/article>\t<\/div>\n\t<\/div>\t\t<\/div>\n\t\t\t\t<\/div>\n\t\t\t\t\t<\/div>\n\t\t<\/div>\n\t\t\t\t\t\t\t<\/div>\n\t\t<\/section>\n\t\t\t\t\t\t\t<\/div>\n\t\t","protected":false},"excerpt":{"rendered":"<p>Angels Villas Nos Derni\u00e8res Nouvelles January 2, 2025 Angels Villas New Villa Angels Onar New Villa Read More February 17, 2024 Angels Villas Angels Cars Cars almost new, for your transportation Read More December 18, 2022 Angels Villas, Angels Villas Destination sans COVID-19 Nous sommes impatients de vous voir dans l&rsquo;une de nos villas \u00ab\u00a0Convid [&hellip;]<\/p>\n","protected":false},"author":1,"featured_media":0,"parent":0,"menu_order":0,"comment_status":"closed","ping_status":"closed","template":"page-full-width.php","meta":{"footnotes":""},"class_list":["post-19363","page","type-page","status-publish","hentry"],"_links":{"self":[{"href":"https:\/\/angelsvillas.com\/fr\/wp-json\/wp\/v2\/pages\/19363","targetHints":{"allow":["GET"]}}],"collection":[{"href":"https:\/\/angelsvillas.com\/fr\/wp-json\/wp\/v2\/pages"}],"about":[{"href":"https:\/\/angelsvillas.com\/fr\/wp-json\/wp\/v2\/types\/page"}],"author":[{"embeddable":true,"href":"https:\/\/angelsvillas.com\/fr\/wp-json\/wp\/v2\/users\/1"}],"replies":[{"embeddable":true,"href":"https:\/\/angelsvillas.com\/fr\/wp-json\/wp\/v2\/comments?post=19363"}],"version-history":[{"count":9,"href":"https:\/\/angelsvillas.com\/fr\/wp-json\/wp\/v2\/pages\/19363\/revisions"}],"predecessor-version":[{"id":20688,"href":"https:\/\/angelsvillas.com\/fr\/wp-json\/wp\/v2\/pages\/19363\/revisions\/20688"}],"wp:attachment":[{"href":"https:\/\/angelsvillas.com\/fr\/wp-json\/wp\/v2\/media?parent=19363"}],"curies":[{"name":"wp","href":"https:\/\/api.w.org\/{rel}","templated":true}]}}